{"id":3860,"date":"2016-04-05T12:03:59","date_gmt":"2016-04-05T11:03:59","guid":{"rendered":"http:\/\/www.stephenturoff.com\/terapije\/terapije-na-daljavo\/"},"modified":"2025-08-14T11:09:19","modified_gmt":"2025-08-14T10:09:19","slug":"terapije-na-daljinu","status":"publish","type":"page","link":"https:\/\/www.stephenturoff.com\/hr\/terapije\/terapije-na-daljinu\/","title":{"rendered":"TERAPIJE NA DALJINU"},"content":{"rendered":"<p>[et_pb_section fb_built=&#8221;1&#8243; fullwidth=&#8221;on&#8221; admin_label=&#8221;section&#8221; _builder_version=&#8221;4.20.4&#8243; background_color=&#8221;rgba(255,255,255,0.48)&#8221; background_image=&#8221;https:\/\/www.stephenturoff.com\/wp-content\/uploads\/2016\/04\/stephen-turoff-background-1980-1314-obrnjena.jpg&#8221; background_blend=&#8221;overlay&#8221; background_last_edited=&#8221;on|phone&#8221; transparent_background=&#8221;off&#8221; padding_mobile=&#8221;off&#8221; global_colors_info=&#8221;{}&#8221;][et_pb_fullwidth_header title=&#8221;TERAPIJE NA DALJINU&#8221; title_font_color=&#8221;#1f9bba&#8221; subhead_font_color=&#8221;#1f9bba&#8221; _builder_version=&#8221;4.20.4&#8243; title_font=&#8221;|700|||||||&#8221; title_text_color=&#8221;#1f9bba&#8221; title_font_size=&#8221;45px&#8221; subhead_text_color=&#8221;#1f9bba&#8221; subhead_font_size=&#8221;20px&#8221; background_color=&#8221;rgba(255, 255, 255, 0)&#8221; parallax=&#8221;on&#8221; background_layout=&#8221;light&#8221; title_font_size_tablet=&#8221;25px&#8221; title_font_size_phone=&#8221;&#8221; title_font_size_last_edited=&#8221;on|desktop&#8221; global_colors_info=&#8221;{}&#8221; button_one_text_size__hover_enabled=&#8221;off&#8221; button_one_text_size__hover=&#8221;null&#8221; button_two_text_size__hover_enabled=&#8221;off&#8221; button_two_text_size__hover=&#8221;null&#8221; button_one_text_color__hover_enabled=&#8221;off&#8221; button_one_text_color__hover=&#8221;null&#8221; button_two_text_color__hover_enabled=&#8221;off&#8221; button_two_text_color__hover=&#8221;null&#8221; button_one_border_width__hover_enabled=&#8221;off&#8221; button_one_border_width__hover=&#8221;null&#8221; button_two_border_width__hover_enabled=&#8221;off&#8221; button_two_border_width__hover=&#8221;null&#8221; button_one_border_color__hover_enabled=&#8221;off&#8221; button_one_border_color__hover=&#8221;null&#8221; button_two_border_color__hover_enabled=&#8221;off&#8221; button_two_border_color__hover=&#8221;null&#8221; button_one_border_radius__hover_enabled=&#8221;off&#8221; button_one_border_radius__hover=&#8221;null&#8221; button_two_border_radius__hover_enabled=&#8221;off&#8221; button_two_border_radius__hover=&#8221;null&#8221; button_one_letter_spacing__hover_enabled=&#8221;off&#8221; button_one_letter_spacing__hover=&#8221;null&#8221; button_two_letter_spacing__hover_enabled=&#8221;off&#8221; button_two_letter_spacing__hover=&#8221;null&#8221; button_one_bg_color__hover_enabled=&#8221;off&#8221; button_one_bg_color__hover=&#8221;null&#8221; button_two_bg_color__hover_enabled=&#8221;off&#8221; button_two_bg_color__hover=&#8221;null&#8221;][\/et_pb_fullwidth_header][\/et_pb_section][et_pb_section fb_built=&#8221;1&#8243; custom_padding_last_edited=&#8221;on|desktop&#8221; admin_label=&#8221;Section&#8221; _builder_version=&#8221;4.16&#8243; background_color=&#8221;#ffffff&#8221; custom_padding_tablet=&#8221;50px|0|50px|0&#8243; custom_padding_phone=&#8221;50px|0|50px|0&#8243; transparent_background=&#8221;off&#8221; padding_mobile=&#8221;off&#8221; make_fullwidth=&#8221;off&#8221; use_custom_width=&#8221;off&#8221; width_unit=&#8221;on&#8221; global_colors_info=&#8221;{}&#8221;][et_pb_row column_structure=&#8221;1_2,1_2&#8243; admin_label=&#8221;row&#8221; _builder_version=&#8221;4.16&#8243; background_size=&#8221;initial&#8221; background_position=&#8221;top_left&#8221; background_repeat=&#8221;repeat&#8221; global_colors_info=&#8221;{}&#8221;][et_pb_column type=&#8221;1_2&#8243; _builder_version=&#8221;4.16&#8243; custom_padding=&#8221;|||&#8221; global_colors_info=&#8221;{}&#8221; custom_padding__hover=&#8221;|||&#8221;][dsm_contact_form_7 cf7_library=&#8221;3167&#8243; _builder_version=&#8221;4.27.4&#8243; _module_preset=&#8221;default&#8221; global_colors_info=&#8221;{}&#8221;][\/dsm_contact_form_7][\/et_pb_column][et_pb_column type=&#8221;1_2&#8243; _builder_version=&#8221;4.16&#8243; custom_padding=&#8221;|||&#8221; global_colors_info=&#8221;{}&#8221; custom_padding__hover=&#8221;|||&#8221;][et_pb_text admin_label=&#8221;Text&#8221; _builder_version=&#8221;4.16&#8243; background_size=&#8221;initial&#8221; background_position=&#8221;top_left&#8221; background_repeat=&#8221;repeat&#8221; use_border_color=&#8221;off&#8221; border_color=&#8221;#ffffff&#8221; border_style=&#8221;solid&#8221; global_colors_info=&#8221;{}&#8221;]Ako osoba osobno ne mo\u017ee do\u0107i do Stephena, mo\u017ee zamoliti za terapiju na daljinu.<\/p>\n<p><strong>CIJENA:<\/strong>\u00a0za 1 mjesec\u00a065 EUR, za 2 mjeseca\u00a0120\u00a0EUR<br \/>\n[\/et_pb_text][et_pb_team_member name=&#8221;Stephen Turoff&#8221; position=&#8221;sve\u0107enik, u\u010ditelj, filozof, vitez, \u010dovjekoljubac, mistik, duhovni terapevt i Majstor Svjetlosti&#8221; image_url=&#8221;https:\/\/www.stephenturoff.com\/wp-content\/uploads\/2016\/04\/top-image14.jpg&#8221; admin_label=&#8221;Person&#8221; _builder_version=&#8221;4.16&#8243; background_size=&#8221;initial&#8221; background_position=&#8221;top_left&#8221; background_repeat=&#8221;repeat&#8221; use_border_color=&#8221;off&#8221; border_color=&#8221;#ffffff&#8221; border_style=&#8221;solid&#8221; global_colors_info=&#8221;{}&#8221;] [\/et_pb_team_member][et_pb_cta title=&#8221;VA\u017dNO!!!&#8221; admin_label=&#8221;VA\u017dNO!!!&#8221; _builder_version=&#8221;4.16&#8243; header_font_size=&#8221;20&#8243; body_font_size=&#8221;12&#8243; background_color=&#8221;#ffffff&#8221; background_size=&#8221;initial&#8221; background_position=&#8221;top_left&#8221; background_repeat=&#8221;repeat&#8221; text_orientation=&#8221;justified&#8221; background_layout=&#8221;light&#8221; border_width_all=&#8221;0px&#8221; border_color_all=&#8221;#464646&#8243; border_style_all=&#8221;dashed&#8221; use_border_color=&#8221;on&#8221; border_color=&#8221;#464646&#8243; border_style=&#8221;dashed&#8221; button_letter_spacing_hover=&#8221;0&#8243; global_colors_info=&#8221;{}&#8221; button_text_size__hover_enabled=&#8221;off&#8221; button_one_text_size__hover_enabled=&#8221;off&#8221; button_two_text_size__hover_enabled=&#8221;off&#8221; button_text_color__hover_enabled=&#8221;off&#8221; button_one_text_color__hover_enabled=&#8221;off&#8221; button_two_text_color__hover_enabled=&#8221;off&#8221; button_border_width__hover_enabled=&#8221;off&#8221; button_one_border_width__hover_enabled=&#8221;off&#8221; button_two_border_width__hover_enabled=&#8221;off&#8221; button_border_color__hover_enabled=&#8221;off&#8221; button_one_border_color__hover_enabled=&#8221;off&#8221; button_two_border_color__hover_enabled=&#8221;off&#8221; button_border_radius__hover_enabled=&#8221;off&#8221; button_one_border_radius__hover_enabled=&#8221;off&#8221; button_two_border_radius__hover_enabled=&#8221;off&#8221; button_letter_spacing__hover_enabled=&#8221;on&#8221; button_letter_spacing__hover=&#8221;0&#8243; button_one_letter_spacing__hover_enabled=&#8221;off&#8221; button_two_letter_spacing__hover_enabled=&#8221;off&#8221; button_bg_color__hover_enabled=&#8221;off&#8221; button_one_bg_color__hover_enabled=&#8221;off&#8221; button_two_bg_color__hover_enabled=&#8221;off&#8221;]Ispunjenom prijavnicom potvr\u0111ujem, da se sla\u017eem sa duhovnom terapijom za koju se odlu\u010dujem na vlastitu odgovornost. Znam, da Stephen Turoff nije lije\u010dnik i da njegove terapije ne nadomje\u0161tavaju tradicionalno medicinsko lije\u010denje.<\/p>\n<p>Stephen moli da i nadalje svakako nastavite s klasi\u010dnim lije\u010denjem i da ne prestanete uzimati lijekove, sve dok vam to ne ka\u017ee va\u0161 lije\u010dnik.<br \/>\n[\/et_pb_cta][\/et_pb_column][\/et_pb_row][\/et_pb_section][et_pb_section fb_built=&#8221;1&#8243; _builder_version=&#8221;4.27.0&#8243; _module_preset=&#8221;default&#8221; background_color=&#8221;#f5f6f7&#8243; saved_tabs=&#8221;all&#8221; global_colors_info=&#8221;{}&#8221; global_module=&#8221;235619&#8243; theme_builder_area=&#8221;post_content&#8221;][et_pb_row column_structure=&#8221;1_2,1_2&#8243; _builder_version=&#8221;4.27.0&#8243; _module_preset=&#8221;default&#8221; global_colors_info=&#8221;{}&#8221; theme_builder_area=&#8221;post_content&#8221;][et_pb_column type=&#8221;1_2&#8243; _builder_version=&#8221;4.22.0&#8243; _module_preset=&#8221;default&#8221; global_colors_info=&#8221;{}&#8221; theme_builder_area=&#8221;post_content&#8221;][et_pb_text admin_label=&#8221;Zavod ITAU&#8221; _builder_version=&#8221;4.27.0&#8243; _module_preset=&#8221;default&#8221; header_2_text_color=&#8221;#333333&#8243; locked=&#8221;off&#8221; global_colors_info=&#8221;{}&#8221; theme_builder_area=&#8221;post_content&#8221;]<\/p>\n<h2>Institut ITAU<\/h2>\n<p>[\/et_pb_text][et_pb_image src=&#8221;https:\/\/www.stephenturoff.com\/wp-content\/uploads\/2016\/04\/itau-logo-62-100.png&#8221; title_text=&#8221;itau-logo-62-100&#8243; url=&#8221;@ET-DC@eyJkeW5hbWljIjp0cnVlLCJjb250ZW50IjoiaG9tZV91cmwiLCJzZXR0aW5ncyI6e319@&#8221; _builder_version=&#8221;4.27.0&#8243; _dynamic_attributes=&#8221;url&#8221; _module_preset=&#8221;default&#8221; width=&#8221;70%&#8221; global_colors_info=&#8221;{}&#8221; theme_builder_area=&#8221;post_content&#8221;][\/et_pb_image][et_pb_text _builder_version=&#8221;4.27.0&#8243; _module_preset=&#8221;default&#8221; text_text_color=&#8221;#333333&#8243; text_font_size=&#8221;13px&#8221; link_text_color=&#8221;#1F9BBA&#8221; link_font_size=&#8221;13px&#8221; header_2_text_color=&#8221;#FFFFFF&#8221; locked=&#8221;off&#8221; global_colors_info=&#8221;{}&#8221; theme_builder_area=&#8221;post_content&#8221;]Center za duhovno zdravljenje in razvoj zavedanja<br \/>\nLjubljanska cesta 11<br \/>\n4260 BLED<\/p>\n<p>Porezni broj: 31807593<br \/>\nMati\u010dni broj: 1733028000<br \/>\nTelefon: +386 4 578 04 08<br \/>\nMobitel: +386 41 208 655<br \/>\nE-mail: info@itau.si[\/et_pb_text][\/et_pb_column][et_pb_column type=&#8221;1_2&#8243; _builder_version=&#8221;4.22.0&#8243; _module_preset=&#8221;default&#8221; global_colors_info=&#8221;{}&#8221; theme_builder_area=&#8221;post_content&#8221;][et_pb_text _builder_version=&#8221;4.27.0&#8243; _module_preset=&#8221;default&#8221; header_2_text_color=&#8221;#333333&#8243; global_colors_info=&#8221;{}&#8221; theme_builder_area=&#8221;post_content&#8221;]<\/p>\n<h2>Gdje smo<\/h2>\n<p>[\/et_pb_text][et_pb_text _builder_version=&#8221;4.27.0&#8243; _module_preset=&#8221;default&#8221; global_colors_info=&#8221;{}&#8221; theme_builder_area=&#8221;post_content&#8221;]<iframe src=\"https:\/\/www.google.com\/maps\/embed?pb=!1m14!1m8!1m3!1d5506.110380610344!2d14.11351!3d46.368293!3m2!1i1024!2i768!4f13.1!3m3!1m2!1s0x477a96d18d22931b%3A0x48f5f5ca842fcfed!2sZavod%20Itau%2C%20center%20za%20duhovno%20zdravljenje%20in%20razvoj%20Zavedanja!5e0!3m2!1ssl!2sus!4v1724851006501!5m2!1ssl!2sus\" width=\"100%\" height=\"380\" style=\"border:0;\" allowfullscreen=\"\" loading=\"lazy\" referrerpolicy=\"no-referrer-when-downgrade\"><\/iframe>[\/et_pb_text][\/et_pb_column][\/et_pb_row][\/et_pb_section]<\/p>\n","protected":false},"excerpt":{"rendered":"<p><div class=\"et_pb_module dsm_contact_form_7 dsm_contact_form_7_0\">\n\t\t\t\t\n\t\t\t\t\n\t\t\t\t\n\t\t\t\t\n\t\t\t\t\n\t\t\t\t\n\t\t\t\t<div class=\"et_pb_module_inner\">\n\t\t\t\t\t<div class=\"\">\n\t\t\t\t\n<div class=\"wpcf7 no-js\" id=\"wpcf7-f3167-o1\" lang=\"sl-SI\" dir=\"ltr\" data-wpcf7-id=\"3167\">\n<div class=\"screen-reader-response\"><p role=\"status\" aria-live=\"polite\" aria-atomic=\"true\"><\/p> <ul><\/ul><\/div>\n<form action=\"\/hr\/wp-json\/wp\/v2\/pages\/3860#wpcf7-f3167-o1\" method=\"post\" class=\"wpcf7-form init\" aria-label=\"Kontaktni obrazec\" novalidate=\"novalidate\" data-status=\"init\">\n<fieldset class=\"hidden-fields-container\"><input type=\"hidden\" name=\"_wpcf7\" value=\"3167\" \/><input type=\"hidden\" name=\"_wpcf7_version\" value=\"6.1.5\" \/><input type=\"hidden\" name=\"_wpcf7_locale\" value=\"sl_SI\" \/><input type=\"hidden\" name=\"_wpcf7_unit_tag\" value=\"wpcf7-f3167-o1\" \/><input type=\"hidden\" name=\"_wpcf7_container_post\" value=\"0\" \/><input type=\"hidden\" name=\"_wpcf7_posted_data_hash\" value=\"\" \/>\n<\/fieldset>\n<h3>ELEKTRONSKA PRIJAVA \u2013 Terapija na daljinu\n<\/h3>\n<p><b>IME I PREZIME<\/b> (obavezno)\n<\/p>\n<p><span class=\"wpcf7-form-control-wrap\" data-name=\"your-name\"><input size=\"40\" maxlength=\"400\" class=\"wpcf7-form-control wpcf7-text wpcf7-validates-as-required\" aria-required=\"true\" aria-invalid=\"false\" value=\"\" type=\"text\" name=\"your-name\" \/><\/span>\n<\/p>\n<p><b>DATUM RO\u0110ENJA<\/b> (obavezno)\n<\/p>\n<p><span class=\"wpcf7-form-control-wrap\" data-name=\"Datumrojstva\"><input size=\"40\" maxlength=\"400\" class=\"wpcf7-form-control wpcf7-text wpcf7-validates-as-required\" aria-required=\"true\" aria-invalid=\"false\" value=\"\" type=\"text\" name=\"Datumrojstva\" \/><\/span>\n<\/p>\n<p><b>VA\u0160A ADRESA<\/b>\n<\/p>\n<p><span class=\"wpcf7-form-control-wrap\" data-name=\"Naslov\"><input size=\"40\" maxlength=\"400\" class=\"wpcf7-form-control wpcf7-text\" aria-invalid=\"false\" value=\"\" type=\"text\" name=\"Naslov\" \/><\/span>\n<\/p>\n<p><b>MJESTO I PO\u0160TANJSKI BROJ<\/b>\n<\/p>\n<p><span class=\"wpcf7-form-control-wrap\" data-name=\"KRAJ\"><input size=\"40\" maxlength=\"400\" class=\"wpcf7-form-control wpcf7-text\" aria-invalid=\"false\" value=\"\" type=\"text\" name=\"KRAJ\" \/><\/span>\n<\/p>\n<p><b>TELEFON<\/b>\n<\/p>\n<p><span class=\"wpcf7-form-control-wrap\" data-name=\"Telefon\"><input size=\"40\" maxlength=\"400\" class=\"wpcf7-form-control wpcf7-text\" aria-invalid=\"false\" value=\"\" type=\"text\" name=\"Telefon\" \/><\/span>\n<\/p>\n<p><b>E-MAIL<\/b> (obavezno)\n<\/p>\n<p><span class=\"wpcf7-form-control-wrap\" data-name=\"your-email\"><input size=\"40\" maxlength=\"400\" class=\"wpcf7-form-control wpcf7-email wpcf7-validates-as-required wpcf7-text wpcf7-validates-as-email\" aria-required=\"true\" aria-invalid=\"false\" value=\"\" type=\"email\" name=\"your-email\" \/><\/span>\n<\/p>\n<p><b>OPIS VA\u0160IH PROBLEMA ILI BOLESTI:<\/b>\n<\/p>\n<p>Ukratko opisati svoje simptome ili lije\u010dni\u010dku dijagnozu.<br \/>\n<span class=\"wpcf7-form-control-wrap\" data-name=\"your-message\"><textarea cols=\"40\" rows=\"10\" maxlength=\"2000\" class=\"wpcf7-form-control wpcf7-textarea\" aria-invalid=\"false\" name=\"your-message\"><\/textarea><\/span>\n<\/p>\n<p><b>JESTE IKAD BILI KOD STEPHENA TUROFFA?<\/b>\n<\/p>\n<p><span class=\"wpcf7-form-control-wrap\" data-name=\"checkbox-595\"><span class=\"wpcf7-form-control wpcf7-checkbox wpcf7-validates-as-required\"><span class=\"wpcf7-list-item first last\"><input type=\"checkbox\" name=\"checkbox-595[]\" value=\"DA\" \/><span class=\"wpcf7-list-item-label\">DA<\/span><\/span><\/span><\/span><br \/>\n<span class=\"wpcf7-form-control-wrap\" data-name=\"checkbox-595\"><span class=\"wpcf7-form-control wpcf7-checkbox wpcf7-validates-as-required\"><span class=\"wpcf7-list-item first last\"><input type=\"checkbox\" name=\"checkbox-595[]\" value=\"NE\" \/><span class=\"wpcf7-list-item-label\">NE<\/span><\/span><\/span><\/span>\n<\/p>\n<p><b>CAPTCHA<\/b>\n<\/p>\n<p><input type=\"hidden\" name=\"_wpcf7_captcha_challenge_Varnostnopolje\" value=\"743106853\" \/><img loading=\"lazy\" decoding=\"async\" class=\"wpcf7-form-control wpcf7-captchac wpcf7-captcha-Varnostnopolje\" width=\"72\" height=\"24\" alt=\"captcha\" src=\"https:\/\/www.stephenturoff.com\/wp-content\/uploads\/wpcf7_captcha\/743106853.png\" \/>\n<\/p>\n<p><span class=\"wpcf7-form-control-wrap\" data-name=\"Varnostnopolje\"><input size=\"40\" class=\"wpcf7-form-control wpcf7-captchar\" autocomplete=\"off\" aria-invalid=\"false\" value=\"\" type=\"text\" name=\"Varnostnopolje\" \/><\/span>\n<\/p>\n<p><button class=\"wpcf7-form-control wpcf7-submit has-spinner et_pb_button et_pb_bg_layout_light\" type=\"submit\" value=\"Po\u0161aljite prijavu\">Po\u0161aljite prijavu<\/button>\n<\/p><div class=\"wpcf7-response-output\" aria-hidden=\"true\"><\/div>\n<\/form>\n<\/div>\n\n\t\t\t<\/div>\n\t\t\t\t<\/div>\n\t\t\t<\/div>Ako osoba osobno ne mo\u017ee do\u0107i do Stephena, mo\u017ee zamoliti za terapiju na daljinu. CIJENA:\u00a0za 1 mjesec\u00a065 EUR, za 2 mjeseca\u00a0120\u00a0EUR Ispunjenom prijavnicom potvr\u0111ujem, da se sla\u017eem sa duhovnom terapijom za koju se odlu\u010dujem na vlastitu odgovornost. Znam, da Stephen Turoff nije lije\u010dnik i da njegove terapije ne nadomje\u0161tavaju tradicionalno medicinsko lije\u010denje. Stephen moli da i nadalje svakako nastavite s klasi\u010dnim lije\u010denjem i da ne prestanete uzimati lijekove, sve dok vam to ne ka\u017ee va\u0161 lije\u010dnik. Institut ITAUCenter za duhovno zdravljenje in razvoj zavedanja Ljubljanska cesta 11 4260 BLED Porezni broj: 31807593 Mati\u010dni broj: 1733028000 Telefon: +386 4 578 04 08 Mobitel: +386 41 208 655 E-mail: info@itau.siGdje smo<\/p>\n","protected":false},"author":1,"featured_media":0,"parent":3826,"menu_order":4,"comment_status":"closed","ping_status":"closed","template":"","meta":{"_et_pb_use_builder":"on","_et_pb_old_content":"[contact-form-7 id=\"3167\" title=\"ELEKTRONSKA PRIJAVA \u2013 Lije\u010denje na daljinu\"]","_et_gb_content_width":"","footnotes":""},"class_list":["post-3860","page","type-page","status-publish","hentry"],"_links":{"self":[{"href":"https:\/\/www.stephenturoff.com\/hr\/wp-json\/wp\/v2\/pages\/3860","targetHints":{"allow":["GET"]}}],"collection":[{"href":"https:\/\/www.stephenturoff.com\/hr\/wp-json\/wp\/v2\/pages"}],"about":[{"href":"https:\/\/www.stephenturoff.com\/hr\/wp-json\/wp\/v2\/types\/page"}],"author":[{"embeddable":true,"href":"https:\/\/www.stephenturoff.com\/hr\/wp-json\/wp\/v2\/users\/1"}],"replies":[{"embeddable":true,"href":"https:\/\/www.stephenturoff.com\/hr\/wp-json\/wp\/v2\/comments?post=3860"}],"version-history":[{"count":6,"href":"https:\/\/www.stephenturoff.com\/hr\/wp-json\/wp\/v2\/pages\/3860\/revisions"}],"predecessor-version":[{"id":235625,"href":"https:\/\/www.stephenturoff.com\/hr\/wp-json\/wp\/v2\/pages\/3860\/revisions\/235625"}],"up":[{"embeddable":true,"href":"https:\/\/www.stephenturoff.com\/hr\/wp-json\/wp\/v2\/pages\/3826"}],"wp:attachment":[{"href":"https:\/\/www.stephenturoff.com\/hr\/wp-json\/wp\/v2\/media?parent=3860"}],"curies":[{"name":"wp","href":"https:\/\/api.w.org\/{rel}","templated":true}]}}