{"id":3824,"date":"2016-04-05T11:59:50","date_gmt":"2016-04-05T10:59:50","guid":{"rendered":"http:\/\/www.stephenturoff.com\/stephen-turoff-3\/"},"modified":"2025-08-14T13:29:12","modified_gmt":"2025-08-14T12:29:12","slug":"stephen-jason-turoff","status":"publish","type":"page","link":"https:\/\/www.stephenturoff.com\/hr\/stephen-jason-turoff\/","title":{"rendered":"STEPHEN &#038; JASON TUROFF"},"content":{"rendered":"<p>[et_pb_section fb_built=&#8221;1&#8243; fullwidth=&#8221;on&#8221; admin_label=&#8221;section&#8221; _builder_version=&#8221;4.20.4&#8243; background_color=&#8221;rgba(255,255,255,0.48)&#8221; background_image=&#8221;https:\/\/www.stephenturoff.com\/wp-content\/uploads\/2016\/04\/stephen-turoff-background-1980-1314-obrnjena.jpg&#8221; background_blend=&#8221;overlay&#8221; background_last_edited=&#8221;on|phone&#8221; transparent_background=&#8221;off&#8221; padding_mobile=&#8221;off&#8221; global_colors_info=&#8221;{}&#8221;][et_pb_fullwidth_header title=&#8221;STEPHEN TUROFF&#8221; subhead=&#8221;Tko je Stephen Turoff?&#8221; title_font_color=&#8221;#1f9bba&#8221; subhead_font_color=&#8221;#1f9bba&#8221; _builder_version=&#8221;4.20.4&#8243; title_font=&#8221;|700|||||||&#8221; title_text_color=&#8221;#1f9bba&#8221; title_font_size=&#8221;45px&#8221; subhead_text_color=&#8221;#1f9bba&#8221; subhead_font_size=&#8221;20px&#8221; background_color=&#8221;rgba(255, 255, 255, 0)&#8221; parallax=&#8221;on&#8221; background_layout=&#8221;light&#8221; title_font_size_tablet=&#8221;25px&#8221; title_font_size_phone=&#8221;&#8221; title_font_size_last_edited=&#8221;on|desktop&#8221; global_colors_info=&#8221;{}&#8221; button_one_text_size__hover_enabled=&#8221;off&#8221; button_one_text_size__hover=&#8221;null&#8221; button_two_text_size__hover_enabled=&#8221;off&#8221; button_two_text_size__hover=&#8221;null&#8221; button_one_text_color__hover_enabled=&#8221;off&#8221; button_one_text_color__hover=&#8221;null&#8221; button_two_text_color__hover_enabled=&#8221;off&#8221; button_two_text_color__hover=&#8221;null&#8221; button_one_border_width__hover_enabled=&#8221;off&#8221; button_one_border_width__hover=&#8221;null&#8221; button_two_border_width__hover_enabled=&#8221;off&#8221; button_two_border_width__hover=&#8221;null&#8221; button_one_border_color__hover_enabled=&#8221;off&#8221; button_one_border_color__hover=&#8221;null&#8221; button_two_border_color__hover_enabled=&#8221;off&#8221; button_two_border_color__hover=&#8221;null&#8221; button_one_border_radius__hover_enabled=&#8221;off&#8221; button_one_border_radius__hover=&#8221;null&#8221; button_two_border_radius__hover_enabled=&#8221;off&#8221; button_two_border_radius__hover=&#8221;null&#8221; button_one_letter_spacing__hover_enabled=&#8221;off&#8221; button_one_letter_spacing__hover=&#8221;null&#8221; button_two_letter_spacing__hover_enabled=&#8221;off&#8221; button_two_letter_spacing__hover=&#8221;null&#8221; button_one_bg_color__hover_enabled=&#8221;off&#8221; button_one_bg_color__hover=&#8221;null&#8221; button_two_bg_color__hover_enabled=&#8221;off&#8221; button_two_bg_color__hover=&#8221;null&#8221;][\/et_pb_fullwidth_header][\/et_pb_section][et_pb_section fb_built=&#8221;1&#8243; custom_padding_last_edited=&#8221;on|desktop&#8221; _builder_version=&#8221;4.20.1&#8243; _module_preset=&#8221;default&#8221; background_color=&#8221;#ffffff&#8221; custom_padding=&#8221;70px||70px||true|false&#8221; custom_padding_tablet=&#8221;50px||50px||true|false&#8221; custom_padding_phone=&#8221;45px||45px||true|false&#8221; global_colors_info=&#8221;{}&#8221;][et_pb_row column_structure=&#8221;1_2,1_2&#8243; custom_padding_last_edited=&#8221;on|desktop&#8221; _builder_version=&#8221;4.27.4&#8243; _module_preset=&#8221;default&#8221; width=&#8221;100%&#8221; max_width=&#8221;1100px&#8221; max_width_tablet=&#8221;90%&#8221; max_width_phone=&#8221;90%&#8221; max_width_last_edited=&#8221;on|desktop&#8221; custom_padding=&#8221;15px|15px|15px|15px|true|true&#8221; custom_padding_tablet=&#8221;20px|20px|20px|20px|true|true&#8221; custom_padding_phone=&#8221;18px|18px|18px|18px|true|true&#8221; border_width_all=&#8221;3px&#8221; border_color_all=&#8221;#E9E1C6&#8243; global_colors_info=&#8221;{}&#8221;][et_pb_column type=&#8221;1_2&#8243; _builder_version=&#8221;4.17.4&#8243; _module_preset=&#8221;default&#8221; global_colors_info=&#8221;{}&#8221;][et_pb_cta title=&#8221;Stephen Turoff&#8221; button_url=&#8221;#&#8221; _builder_version=&#8221;4.27.4&#8243; _module_preset=&#8221;default&#8221; header_font=&#8221;|700|||||||&#8221; header_text_color=&#8221;#000000&#8243; header_font_size=&#8221;46px&#8221; body_font=&#8221;||||||||&#8221; body_text_color=&#8221;#333333&#8243; body_line_height=&#8221;1.3em&#8221; background_enable_color=&#8221;off&#8221; custom_button=&#8221;on&#8221; button_text_size=&#8221;16px&#8221; button_text_color=&#8221;#ffc300&#8243; button_bg_color=&#8221;RGBA(255,255,255,0)&#8221; button_border_width=&#8221;0px&#8221; button_border_color=&#8221;RGBA(255,255,255,0)&#8221; button_border_radius=&#8221;0px&#8221; button_font=&#8221;Hind||||||||&#8221; button_icon=&#8221;&#xf30b;||fa||900&#8243; button_on_hover=&#8221;off&#8221; button_custom_padding=&#8221;0px|0px|0px|0px|true|true&#8221; button_custom_padding_tablet=&#8221;0px|0px|0px|0px|true|true&#8221; button_custom_padding_phone=&#8221;0px|0px|0px|0px|true|true&#8221; button_custom_padding_last_edited=&#8221;on|desktop&#8221; text_orientation=&#8221;left&#8221; custom_margin=&#8221;0px|0px|0px|0px|true|true&#8221; custom_padding=&#8221;0px|0px|0px|0px|true|true&#8221; header_font_size_tablet=&#8221;46px&#8221; header_font_size_phone=&#8221;34px&#8221; header_font_size_last_edited=&#8221;on|desktop&#8221; body_font_size_tablet=&#8221;22px&#8221; body_font_size_phone=&#8221;18px&#8221; body_font_size_last_edited=&#8221;on|desktop&#8221; body_line_height_tablet=&#8221;1.3em&#8221; body_line_height_phone=&#8221;1.2em&#8221; body_line_height_last_edited=&#8221;on|desktop&#8221; button_text_size_tablet=&#8221;16px&#8221; button_text_size_phone=&#8221;16px&#8221; button_text_size_last_edited=&#8221;on|desktop&#8221; text_orientation_tablet=&#8221;left&#8221; text_orientation_phone=&#8221;left&#8221; text_orientation_last_edited=&#8221;on|desktop&#8221; locked=&#8221;off&#8221; global_colors_info=&#8221;{}&#8221; button_bg_color__hover_enabled=&#8221;off|desktop&#8221; button_bg_enable_color__hover=&#8221;off&#8221; button_text_size__hover_enabled=&#8221;off|hover&#8221; button_text_color__hover_enabled=&#8221;on|hover&#8221; button_text_color__hover=&#8221;#ffffff&#8221;]sve\u0107enik, u\u010ditelj, filozof, vitez, \u010dovjekoljubac, mistik, duhovni terapevt i Majstor Svjetlosti[\/et_pb_cta][et_pb_image src=&#8221;https:\/\/www.stephenturoff.com\/wp-content\/uploads\/2016\/04\/charities4.jpg&#8221; title_text=&#8221;charities4&#8243; _builder_version=&#8221;4.27.4&#8243; _module_preset=&#8221;default&#8221; global_colors_info=&#8221;{}&#8221;][\/et_pb_image][\/et_pb_column][et_pb_column type=&#8221;1_2&#8243; _builder_version=&#8221;4.17.4&#8243; _module_preset=&#8221;default&#8221; custom_padding=&#8221;35px|100px|0px|35px|false|false&#8221; custom_padding_tablet=&#8221;0px|||0px|false|false&#8221; custom_padding_phone=&#8221;|0px|||false|false&#8221; custom_padding_last_edited=&#8221;on|desktop&#8221; global_colors_info=&#8221;{}&#8221;][et_pb_text admin_label=&#8221;Text&#8221; _builder_version=&#8221;4.27.4&#8243; background_size=&#8221;initial&#8221; background_position=&#8221;top_left&#8221; background_repeat=&#8221;repeat&#8221; text_orientation=&#8221;justified&#8221; use_border_color=&#8221;off&#8221; border_color=&#8221;#ffffff&#8221; border_style=&#8221;solid&#8221; locked=&#8221;off&#8221; global_colors_info=&#8221;{}&#8221;]Stephen Turoff je sve\u0107enik, u\u010ditelj, filozof, vitez, \u010dovjekoljubac, mistik, duhovni terapevt i Majstor Svjetlosti. Ve\u0107 pedeset godina poma\u017ee ljudima svih boja, kasta i uvjerenja koji dolaze sa sva \u010detiri kraja svijeta kako bi ga posjetili u Turoff Danbury Centru u Chelmsfordu u Essexu (pola sata vo\u017enje vlakom iz Londona op.p.) ili u centrima u \u0160vicarskoj i Sloveniji.<\/p>\n<p>Duhovni terapeut je medij, koji djeluje iz takozvanog &#8220;povi\u0161enog duhovnog stanja&#8221;. On je isklju\u010divo prenositelj duhovnih snaga. Tradicionalno radi u ime Boga ili Sv. Duha. Zbog toga \u0161to je samo provodnik, on nikad ne zadire svojom voljom u sudbinu \u010dovjeka, jer u tom povi\u0161enom stanju svijesti koja je iznad njegove li\u010dnosti to uop\u0107e nije mogu\u0107e. Ta sposobnost je u ve\u0107ini primjera uro\u0111ena. Duhovni Majstor je prepozna i razvija, ali uvijek ostaje neutralan provodnik duha, kozmi\u010dke, bo\u017eanstvene mo\u0107i. Duhovna energija ima bo\u017eansku svijest koja djeluje tako da nas uzdi\u017ee ka cjelovitosti duha, du\u0161e (osje\u0107aja, uma) i tijela. Takav proces mo\u017ee se odvijati na stotine, \u010dak i hiljade kilometara udaljenosti. Duhovni Majstor je otvoren za izvore energije izvan na\u0161e vremensko-prostorne stvarnosti.[\/et_pb_text][\/et_pb_column][\/et_pb_row][\/et_pb_section][et_pb_section fb_built=&#8221;1&#8243; custom_padding_last_edited=&#8221;on|desktop&#8221; _builder_version=&#8221;4.20.1&#8243; _module_preset=&#8221;default&#8221; background_color=&#8221;#ffffff&#8221; custom_padding=&#8221;70px||70px||true|false&#8221; custom_padding_tablet=&#8221;50px||50px||true|false&#8221; custom_padding_phone=&#8221;45px||45px||true|false&#8221; global_colors_info=&#8221;{}&#8221;][et_pb_row column_structure=&#8221;1_2,1_2&#8243; custom_padding_last_edited=&#8221;on|desktop&#8221; _builder_version=&#8221;4.27.4&#8243; _module_preset=&#8221;default&#8221; width=&#8221;100%&#8221; max_width=&#8221;1100px&#8221; max_width_tablet=&#8221;90%&#8221; max_width_phone=&#8221;90%&#8221; max_width_last_edited=&#8221;on|desktop&#8221; custom_padding=&#8221;15px|15px|15px|15px|true|true&#8221; custom_padding_tablet=&#8221;20px|20px|20px|20px|true|true&#8221; custom_padding_phone=&#8221;18px|18px|18px|18px|true|true&#8221; border_width_all=&#8221;3px&#8221; border_color_all=&#8221;#E9E1C6&#8243; global_colors_info=&#8221;{}&#8221;][et_pb_column type=&#8221;1_2&#8243; _builder_version=&#8221;4.17.4&#8243; _module_preset=&#8221;default&#8221; global_colors_info=&#8221;{}&#8221;][et_pb_cta title=&#8221;Jason Turoff&#8221; button_url=&#8221;#&#8221; _builder_version=&#8221;4.27.4&#8243; _module_preset=&#8221;default&#8221; header_font=&#8221;|700|||||||&#8221; header_text_color=&#8221;#000000&#8243; header_font_size=&#8221;46px&#8221; body_font=&#8221;||||||||&#8221; body_text_color=&#8221;#333333&#8243; body_line_height=&#8221;1.3em&#8221; background_enable_color=&#8221;off&#8221; custom_button=&#8221;on&#8221; button_text_size=&#8221;16px&#8221; button_text_color=&#8221;#ffc300&#8243; button_bg_color=&#8221;RGBA(255,255,255,0)&#8221; button_border_width=&#8221;0px&#8221; button_border_color=&#8221;RGBA(255,255,255,0)&#8221; button_border_radius=&#8221;0px&#8221; button_font=&#8221;Hind||||||||&#8221; button_icon=&#8221;&#xf30b;||fa||900&#8243; button_on_hover=&#8221;off&#8221; button_custom_padding=&#8221;0px|0px|0px|0px|true|true&#8221; button_custom_padding_tablet=&#8221;0px|0px|0px|0px|true|true&#8221; button_custom_padding_phone=&#8221;0px|0px|0px|0px|true|true&#8221; button_custom_padding_last_edited=&#8221;on|desktop&#8221; text_orientation=&#8221;left&#8221; custom_margin=&#8221;0px|0px|0px|0px|true|true&#8221; custom_padding=&#8221;0px|0px|0px|0px|true|true&#8221; header_font_size_tablet=&#8221;46px&#8221; header_font_size_phone=&#8221;34px&#8221; header_font_size_last_edited=&#8221;on|desktop&#8221; body_font_size_tablet=&#8221;22px&#8221; body_font_size_phone=&#8221;18px&#8221; body_font_size_last_edited=&#8221;on|desktop&#8221; body_line_height_tablet=&#8221;1.3em&#8221; body_line_height_phone=&#8221;1.2em&#8221; body_line_height_last_edited=&#8221;on|desktop&#8221; button_text_size_tablet=&#8221;16px&#8221; button_text_size_phone=&#8221;16px&#8221; button_text_size_last_edited=&#8221;on|desktop&#8221; text_orientation_tablet=&#8221;left&#8221; text_orientation_phone=&#8221;left&#8221; text_orientation_last_edited=&#8221;on|desktop&#8221; locked=&#8221;off&#8221; global_colors_info=&#8221;{}&#8221; button_bg_color__hover_enabled=&#8221;off|desktop&#8221; button_bg_enable_color__hover=&#8221;off&#8221; button_text_size__hover_enabled=&#8221;off|hover&#8221; button_text_color__hover_enabled=&#8221;on|hover&#8221; button_text_color__hover=&#8221;#ffffff&#8221;][\/et_pb_cta][et_pb_image src=&#8221;https:\/\/www.stephenturoff.com\/wp-content\/uploads\/2025\/08\/Jason-Turoff.webp&#8221; title_text=&#8221;Jason Turoff&#8221; _builder_version=&#8221;4.27.4&#8243; _module_preset=&#8221;default&#8221; global_colors_info=&#8221;{}&#8221;][\/et_pb_image][\/et_pb_column][et_pb_column type=&#8221;1_2&#8243; _builder_version=&#8221;4.17.4&#8243; _module_preset=&#8221;default&#8221; custom_padding=&#8221;35px|100px|0px|35px|false|false&#8221; custom_padding_tablet=&#8221;0px|||0px|false|false&#8221; custom_padding_phone=&#8221;|0px|||false|false&#8221; custom_padding_last_edited=&#8221;on|desktop&#8221; global_colors_info=&#8221;{}&#8221;][et_pb_text admin_label=&#8221;Text&#8221; _builder_version=&#8221;4.27.4&#8243; background_size=&#8221;initial&#8221; background_position=&#8221;top_left&#8221; background_repeat=&#8221;repeat&#8221; text_orientation=&#8221;justified&#8221; use_border_color=&#8221;off&#8221; border_color=&#8221;#ffffff&#8221; border_style=&#8221;solid&#8221; locked=&#8221;off&#8221; global_colors_info=&#8221;{}&#8221;]Jason Turoff je sin Stephena Turoffa. Ve\u0107 vi\u0161e od dvadeset pet godina radi na podru\u010dju duhovnosti, samostalno i u suradnji sa Stephenom. U\u010dio je i razvijao se uz svog oca, a i on mu je prenio sposobnost. Radi samostalno u \u0160vicarskoj, Norve\u0161koj i Ujedinjenom Kraljevstvu, a ljudi mu dolaze iz Europe i cijelog svijeta. Mnogi ljudi u Sloveniji ga ve\u0107 poznaju, jer ve\u0107 gotovo deset godina prati Stephena i poma\u017ee mu s terapijama.<\/p>\n<p>Jason se prema svima odnosi prema svom na\u010delu: \u201eUvijek pomozi, nikad ne naudi.\u201c Potpuno se posve\u0107uje ljudima, toplinu i prisutnost mo\u017eete osjetiti kroz njegove ruke, njegova energija je gotovo opipljiva. U svojim terapijama donosi svjetlost i ljubav kako bismo se povezali s na\u0161om zdravom jezgrom i unijeli vlastitu svjetlost u svijet. Na\u0161a vlastita kreativna \u017eivotna snaga \u010dini ostalo.[\/et_pb_text][\/et_pb_column][\/et_pb_row][\/et_pb_section][et_pb_section fb_built=&#8221;1&#8243; custom_padding_last_edited=&#8221;on|desktop&#8221; admin_label=&#8221;Section&#8221; _builder_version=&#8221;4.16&#8243; background_color=&#8221;#ffffff&#8221; custom_margin=&#8221;0px|0px|0px|0px&#8221; custom_padding=&#8221;0px|0px|0px|0px&#8221; custom_padding_tablet=&#8221;50px|0|50px|0&#8243; custom_padding_phone=&#8221;&#8221; transparent_background=&#8221;off&#8221; padding_mobile=&#8221;off&#8221; global_colors_info=&#8221;{}&#8221;][et_pb_row use_custom_gutter=&#8221;on&#8221; gutter_width=&#8221;1&#8243; admin_label=&#8221;Row&#8221; module_class=&#8221; et_pb_row_fullwidth&#8221; _builder_version=&#8221;4.16&#8243; background_size=&#8221;initial&#8221; background_position=&#8221;top_left&#8221; background_repeat=&#8221;repeat&#8221; width=&#8221;100%&#8221; width_tablet=&#8221;100%&#8221; width_phone=&#8221;100%&#8221; width_last_edited=&#8221;on|desktop&#8221; max_width=&#8221;100%&#8221; max_width_tablet=&#8221;100%&#8221; max_width_phone=&#8221;100%&#8221; max_width_last_edited=&#8221;on|desktop&#8221; custom_margin=&#8221;0px|0px|0px|0px&#8221; custom_padding=&#8221;0px|0px|0px|0px&#8221; make_fullwidth=&#8221;on&#8221; global_colors_info=&#8221;{}&#8221;][et_pb_column type=&#8221;4_4&#8243; _builder_version=&#8221;4.16&#8243; custom_padding=&#8221;0px|0px|0px|0px&#8221; global_colors_info=&#8221;{}&#8221; custom_padding__hover=&#8221;|||&#8221;][et_pb_text admin_label=&#8221;Text&#8221; _builder_version=&#8221;4.27.4&#8243; header_3_font_size=&#8221;46px&#8221; background_size=&#8221;initial&#8221; background_position=&#8221;top_left&#8221; background_repeat=&#8221;repeat&#8221; text_orientation=&#8221;center&#8221; module_alignment=&#8221;center&#8221; custom_margin=&#8221;||||false|false&#8221; custom_padding=&#8221;||25px||false|false&#8221; header_3_font_size_tablet=&#8221;&#8221; header_3_font_size_phone=&#8221;34px&#8221; header_3_font_size_last_edited=&#8221;on|phone&#8221; use_border_color=&#8221;off&#8221; border_color=&#8221;#ffffff&#8221; border_style=&#8221;solid&#8221; global_colors_info=&#8221;{}&#8221;]<\/p>\n<h3 style=\"text-align: center;\">Galerija<\/h3>\n<p>[\/et_pb_text][dsm_masonry_gallery gallery_ids=&#8221;3460,3459,3458,3457,3456,3455,3454,3453,3452,235338,3450,3449&#8243; use_lightbox=&#8221;on&#8221; use_zoom_on_hover=&#8221;on&#8221; columns_tablet=&#8221;2&#8243; columns_phone=&#8221;1&#8243; columns_last_edited=&#8221;on|phone&#8221; _builder_version=&#8221;4.27.4&#8243; _module_preset=&#8221;default&#8221; global_colors_info=&#8221;{}&#8221;][\/dsm_masonry_gallery][\/et_pb_column][\/et_pb_row][\/et_pb_section][et_pb_section fb_built=&#8221;1&#8243; _builder_version=&#8221;4.27.0&#8243; _module_preset=&#8221;default&#8221; background_color=&#8221;#f5f6f7&#8243; global_module=&#8221;235619&#8243; saved_tabs=&#8221;all&#8221; global_colors_info=&#8221;{}&#8221;][et_pb_row column_structure=&#8221;1_2,1_2&#8243; _builder_version=&#8221;4.27.0&#8243; _module_preset=&#8221;default&#8221; global_colors_info=&#8221;{}&#8221;][et_pb_column type=&#8221;1_2&#8243; _builder_version=&#8221;4.22.0&#8243; _module_preset=&#8221;default&#8221; global_colors_info=&#8221;{}&#8221;][et_pb_text admin_label=&#8221;Zavod ITAU&#8221; _builder_version=&#8221;4.27.0&#8243; _module_preset=&#8221;default&#8221; header_2_text_color=&#8221;#333333&#8243; locked=&#8221;off&#8221; global_colors_info=&#8221;{}&#8221;]<\/p>\n<h2>Institut ITAU<\/h2>\n<p>[\/et_pb_text][et_pb_image src=&#8221;https:\/\/www.stephenturoff.com\/wp-content\/uploads\/2016\/04\/itau-logo-62-100.png&#8221; title_text=&#8221;itau-logo-62-100&#8243; url=&#8221;@ET-DC@eyJkeW5hbWljIjp0cnVlLCJjb250ZW50IjoiaG9tZV91cmwiLCJzZXR0aW5ncyI6e319@&#8221; _builder_version=&#8221;4.27.0&#8243; _dynamic_attributes=&#8221;url&#8221; _module_preset=&#8221;default&#8221; width=&#8221;70%&#8221; global_colors_info=&#8221;{}&#8221;][\/et_pb_image][et_pb_text _builder_version=&#8221;4.27.0&#8243; _module_preset=&#8221;default&#8221; text_text_color=&#8221;#333333&#8243; text_font_size=&#8221;15px&#8221; link_text_color=&#8221;#333333&#8243; link_font_size=&#8221;15px&#8221; header_2_text_color=&#8221;#FFFFFF&#8221; link_text_color_tablet=&#8221;#333333&#8243; link_text_color_phone=&#8221;#333333&#8243; link_text_color_last_edited=&#8221;on|desktop&#8221; locked=&#8221;off&#8221; global_colors_info=&#8221;{}&#8221;]Center za duhovno zdravljenje in razvoj zavedanja<br \/>\nLjubljanska cesta 11<br \/>\n4260 BLED<\/p>\n<p>Porezni broj: 31807593<br \/>\nMati\u010dni broj: 1733028000<br \/>\nTelefon: +386 4 578 04 08<br \/>\nMobitel: +386 41 208 655<br \/>\nE-mail: info@itau.si[\/et_pb_text][\/et_pb_column][et_pb_column type=&#8221;1_2&#8243; _builder_version=&#8221;4.22.0&#8243; _module_preset=&#8221;default&#8221; global_colors_info=&#8221;{}&#8221;][et_pb_text _builder_version=&#8221;4.27.0&#8243; _module_preset=&#8221;default&#8221; header_2_text_color=&#8221;#333333&#8243; global_colors_info=&#8221;{}&#8221;]<\/p>\n<h2>Gdje smo<\/h2>\n<p>[\/et_pb_text][et_pb_text _builder_version=&#8221;4.27.0&#8243; _module_preset=&#8221;default&#8221; global_colors_info=&#8221;{}&#8221;]<iframe src=\"https:\/\/www.google.com\/maps\/embed?pb=!1m14!1m8!1m3!1d5506.110380610344!2d14.11351!3d46.368293!3m2!1i1024!2i768!4f13.1!3m3!1m2!1s0x477a96d18d22931b%3A0x48f5f5ca842fcfed!2sZavod%20Itau%2C%20center%20za%20duhovno%20zdravljenje%20in%20razvoj%20Zavedanja!5e0!3m2!1ssl!2sus!4v1724851006501!5m2!1ssl!2sus\" width=\"100%\" height=\"380\" style=\"border:0;\" allowfullscreen=\"\" loading=\"lazy\" referrerpolicy=\"no-referrer-when-downgrade\"><\/iframe>[\/et_pb_text][\/et_pb_column][\/et_pb_row][\/et_pb_section]<\/p>\n","protected":false},"excerpt":{"rendered":"<p>sve\u0107enik, u\u010ditelj, filozof, vitez, \u010dovjekoljubac, mistik, duhovni terapevt i Majstor SvjetlostiStephen Turoff je sve\u0107enik, u\u010ditelj, filozof, vitez, \u010dovjekoljubac, mistik, duhovni terapevt i Majstor Svjetlosti. Ve\u0107 pedeset godina poma\u017ee ljudima svih boja, kasta i uvjerenja koji dolaze sa sva \u010detiri kraja svijeta kako bi ga posjetili u Turoff Danbury Centru u Chelmsfordu u Essexu (pola sata vo\u017enje vlakom iz Londona op.p.) ili u centrima u \u0160vicarskoj i Sloveniji. Duhovni terapeut je medij, koji djeluje iz takozvanog &#8220;povi\u0161enog duhovnog stanja&#8221;. On je isklju\u010divo prenositelj duhovnih snaga. Tradicionalno radi u ime Boga ili Sv. Duha. Zbog toga \u0161to je samo provodnik, on nikad ne zadire svojom voljom u sudbinu \u010dovjeka, jer u tom povi\u0161enom stanju svijesti koja je iznad njegove li\u010dnosti to uop\u0107e nije mogu\u0107e. Ta sposobnost je u ve\u0107ini primjera uro\u0111ena. Duhovni Majstor je prepozna i razvija, ali uvijek ostaje neutralan provodnik duha, kozmi\u010dke, bo\u017eanstvene mo\u0107i. Duhovna energija ima bo\u017eansku svijest koja djeluje tako da nas uzdi\u017ee ka cjelovitosti duha, du\u0161e (osje\u0107aja, uma) i tijela. Takav proces mo\u017ee se odvijati na stotine, \u010dak i hiljade kilometara udaljenosti. Duhovni Majstor je otvoren za izvore energije izvan na\u0161e vremensko-prostorne stvarnosti.Jason Turoff je sin Stephena Turoffa. Ve\u0107 vi\u0161e od dvadeset pet godina radi na podru\u010dju [&hellip;]<\/p>\n","protected":false},"author":1,"featured_media":0,"parent":0,"menu_order":0,"comment_status":"closed","ping_status":"closed","template":"","meta":{"_et_pb_use_builder":"on","_et_pb_old_content":"","_et_gb_content_width":"","footnotes":""},"class_list":["post-3824","page","type-page","status-publish","hentry"],"_links":{"self":[{"href":"https:\/\/www.stephenturoff.com\/hr\/wp-json\/wp\/v2\/pages\/3824","targetHints":{"allow":["GET"]}}],"collection":[{"href":"https:\/\/www.stephenturoff.com\/hr\/wp-json\/wp\/v2\/pages"}],"about":[{"href":"https:\/\/www.stephenturoff.com\/hr\/wp-json\/wp\/v2\/types\/page"}],"author":[{"embeddable":true,"href":"https:\/\/www.stephenturoff.com\/hr\/wp-json\/wp\/v2\/users\/1"}],"replies":[{"embeddable":true,"href":"https:\/\/www.stephenturoff.com\/hr\/wp-json\/wp\/v2\/comments?post=3824"}],"version-history":[{"count":12,"href":"https:\/\/www.stephenturoff.com\/hr\/wp-json\/wp\/v2\/pages\/3824\/revisions"}],"predecessor-version":[{"id":235657,"href":"https:\/\/www.stephenturoff.com\/hr\/wp-json\/wp\/v2\/pages\/3824\/revisions\/235657"}],"wp:attachment":[{"href":"https:\/\/www.stephenturoff.com\/hr\/wp-json\/wp\/v2\/media?parent=3824"}],"curies":[{"name":"wp","href":"https:\/\/api.w.org\/{rel}","templated":true}]}}