{"id":235055,"date":"2022-08-15T13:43:41","date_gmt":"2022-08-15T12:43:41","guid":{"rendered":"https:\/\/www.stephenturoff.com\/seminars\/darshan-blessing\/"},"modified":"2025-08-14T10:47:15","modified_gmt":"2025-08-14T09:47:15","slug":"darshan-blessing","status":"publish","type":"page","link":"https:\/\/www.stephenturoff.com\/en\/seminars\/darshan-blessing\/","title":{"rendered":"DARSHAN BLESSING \u2013 25.9.2022"},"content":{"rendered":"<p>[et_pb_section fb_built=&#8221;1&#8243; fullwidth=&#8221;on&#8221; admin_label=&#8221;section&#8221; _builder_version=&#8221;4.16&#8243; background_color=&#8221;rgba(52,146,201,0.84)&#8221; background_image=&#8221;https:\/\/www.stephenturoff.com\/wp-content\/uploads\/2016\/04\/20042530_xl.jpg&#8221; transparent_background=&#8221;off&#8221; padding_mobile=&#8221;off&#8221; global_colors_info=&#8221;{}&#8221;][et_pb_fullwidth_header title=&#8221;DARSHAN BLESSING&#8221; title_font_color=&#8221;#1f9bba&#8221; subhead_font_color=&#8221;#1f9bba&#8221; admin_label=&#8221;Bo\u017ei\u010dni Dar\u0161an&#8221; _builder_version=&#8221;4.20.4&#8243; title_font=&#8221;|700||on|||||&#8221; title_text_color=&#8221;#1f9bba&#8221; title_font_size=&#8221;40px&#8221; content_text_color=&#8221;#1f9bba&#8221; subhead_text_color=&#8221;#1f9bba&#8221; subhead_font_size=&#8221;20px&#8221; background_color=&#8221;rgba(255, 255, 255, 0)&#8221; background_image=&#8221;https:\/\/www.stephenturoff.com\/wp-content\/uploads\/2016\/04\/stephen-turoff-background-1980-1314-obrnjena.jpg&#8221; title_font_size_tablet=&#8221;25px&#8221; title_font_size_phone=&#8221;&#8221; title_font_size_last_edited=&#8221;on|desktop&#8221; background_url=&#8221;https:\/\/www.stephenturoff.com\/wp-content\/uploads\/2016\/04\/stephen-turoff-background-1980-1314-obrnjena.jpg&#8221; global_colors_info=&#8221;{}&#8221; button_one_text_size__hover_enabled=&#8221;off&#8221; button_one_text_size__hover=&#8221;null&#8221; button_two_text_size__hover_enabled=&#8221;off&#8221; button_two_text_size__hover=&#8221;null&#8221; button_one_text_color__hover_enabled=&#8221;off&#8221; button_one_text_color__hover=&#8221;null&#8221; button_two_text_color__hover_enabled=&#8221;off&#8221; button_two_text_color__hover=&#8221;null&#8221; button_one_border_width__hover_enabled=&#8221;off&#8221; button_one_border_width__hover=&#8221;null&#8221; button_two_border_width__hover_enabled=&#8221;off&#8221; button_two_border_width__hover=&#8221;null&#8221; button_one_border_color__hover_enabled=&#8221;off&#8221; button_one_border_color__hover=&#8221;null&#8221; button_two_border_color__hover_enabled=&#8221;off&#8221; button_two_border_color__hover=&#8221;null&#8221; button_one_border_radius__hover_enabled=&#8221;off&#8221; button_one_border_radius__hover=&#8221;null&#8221; button_two_border_radius__hover_enabled=&#8221;off&#8221; button_two_border_radius__hover=&#8221;null&#8221; button_one_letter_spacing__hover_enabled=&#8221;off&#8221; button_one_letter_spacing__hover=&#8221;null&#8221; button_two_letter_spacing__hover_enabled=&#8221;off&#8221; button_two_letter_spacing__hover=&#8221;null&#8221; button_one_bg_color__hover_enabled=&#8221;off&#8221; button_one_bg_color__hover=&#8221;null&#8221; button_two_bg_color__hover_enabled=&#8221;off&#8221; button_two_bg_color__hover=&#8221;null&#8221;][\/et_pb_fullwidth_header][\/et_pb_section][et_pb_section fb_built=&#8221;1&#8243; _builder_version=&#8221;4.16&#8243; global_colors_info=&#8221;{}&#8221;][et_pb_row column_structure=&#8221;1_2,1_2&#8243; _builder_version=&#8221;4.16&#8243; background_size=&#8221;initial&#8221; background_position=&#8221;top_left&#8221; background_repeat=&#8221;repeat&#8221; global_colors_info=&#8221;{}&#8221;][et_pb_column type=&#8221;1_2&#8243; _builder_version=&#8221;4.16&#8243; custom_padding=&#8221;|||&#8221; global_colors_info=&#8221;{}&#8221; custom_padding__hover=&#8221;|||&#8221;][et_pb_image src=&#8221;https:\/\/www.stephenturoff.com\/wp-content\/uploads\/2016\/04\/bozicni-drsan.png&#8221; align_tablet=&#8221;center&#8221; align_phone=&#8221;&#8221; align_last_edited=&#8221;on|desktop&#8221; _builder_version=&#8221;4.16&#8243; animation_style=&#8221;slide&#8221; animation_direction=&#8221;left&#8221; animation_duration=&#8221;500ms&#8221; animation_intensity_slide=&#8221;10%&#8221; custom_css_main_element=&#8221;box-shadow: -2px 4px 9px 0px rgba(0,0,0,0.5) !important;||}&#8221; animation=&#8221;left&#8221; sticky=&#8221;off&#8221; use_border_color=&#8221;off&#8221; border_color=&#8221;#ffffff&#8221; border_style=&#8221;solid&#8221; global_colors_info=&#8221;{}&#8221;][\/et_pb_image][\/et_pb_column][et_pb_column type=&#8221;1_2&#8243; _builder_version=&#8221;4.16&#8243; custom_padding=&#8221;|||&#8221; global_colors_info=&#8221;{}&#8221; custom_padding__hover=&#8221;|||&#8221;][et_pb_image src=&#8221;https:\/\/www.stephenturoff.com\/wp-content\/uploads\/2019\/11\/logo-stephen-turoff-180-100.png&#8221; _builder_version=&#8221;4.16&#8243; global_colors_info=&#8221;{}&#8221;][\/et_pb_image][et_pb_cta title=&#8221;DARSHAN BLESSING&#8221; button_url=&#8221;mailto:info@itau.si&#8221; button_text=&#8221;BOOK NOW&#8221; _builder_version=&#8221;4.20.4&#8243; link_option_url=&#8221;mailto:info@itau.si&#8221; border_radii=&#8221;on|7px|7px|7px|7px&#8221; box_shadow_style=&#8221;preset2&#8243; global_colors_info=&#8221;{}&#8221;][\/et_pb_cta][et_pb_text _builder_version=&#8221;4.18.0&#8243; background_size=&#8221;initial&#8221; background_position=&#8221;top_left&#8221; background_repeat=&#8221;repeat&#8221; text_orientation=&#8221;justified&#8221; z_index_tablet=&#8221;500&#8243; text_text_shadow_horizontal_length_tablet=&#8221;0px&#8221; text_text_shadow_vertical_length_tablet=&#8221;0px&#8221; text_text_shadow_blur_strength_tablet=&#8221;1px&#8221; link_text_shadow_horizontal_length_tablet=&#8221;0px&#8221; link_text_shadow_vertical_length_tablet=&#8221;0px&#8221; link_text_shadow_blur_strength_tablet=&#8221;1px&#8221; ul_text_shadow_horizontal_length_tablet=&#8221;0px&#8221; ul_text_shadow_vertical_length_tablet=&#8221;0px&#8221; ul_text_shadow_blur_strength_tablet=&#8221;1px&#8221; ol_text_shadow_horizontal_length_tablet=&#8221;0px&#8221; ol_text_shadow_vertical_length_tablet=&#8221;0px&#8221; ol_text_shadow_blur_strength_tablet=&#8221;1px&#8221; quote_text_shadow_horizontal_length_tablet=&#8221;0px&#8221; quote_text_shadow_vertical_length_tablet=&#8221;0px&#8221; quote_text_shadow_blur_strength_tablet=&#8221;1px&#8221; header_text_shadow_horizontal_length_tablet=&#8221;0px&#8221; header_text_shadow_vertical_length_tablet=&#8221;0px&#8221; header_text_shadow_blur_strength_tablet=&#8221;1px&#8221; header_2_text_shadow_horizontal_length_tablet=&#8221;0px&#8221; header_2_text_shadow_vertical_length_tablet=&#8221;0px&#8221; header_2_text_shadow_blur_strength_tablet=&#8221;1px&#8221; header_3_text_shadow_horizontal_length_tablet=&#8221;0px&#8221; header_3_text_shadow_vertical_length_tablet=&#8221;0px&#8221; header_3_text_shadow_blur_strength_tablet=&#8221;1px&#8221; header_4_text_shadow_horizontal_length_tablet=&#8221;0px&#8221; header_4_text_shadow_vertical_length_tablet=&#8221;0px&#8221; header_4_text_shadow_blur_strength_tablet=&#8221;1px&#8221; header_5_text_shadow_horizontal_length_tablet=&#8221;0px&#8221; header_5_text_shadow_vertical_length_tablet=&#8221;0px&#8221; header_5_text_shadow_blur_strength_tablet=&#8221;1px&#8221; header_6_text_shadow_horizontal_length_tablet=&#8221;0px&#8221; header_6_text_shadow_vertical_length_tablet=&#8221;0px&#8221; header_6_text_shadow_blur_strength_tablet=&#8221;1px&#8221; box_shadow_horizontal_tablet=&#8221;0px&#8221; box_shadow_vertical_tablet=&#8221;0px&#8221; box_shadow_blur_tablet=&#8221;40px&#8221; box_shadow_spread_tablet=&#8221;0px&#8221; use_border_color=&#8221;off&#8221; global_colors_info=&#8221;{}&#8221;]<\/p>\n<p style=\"font-weight: 400;\"><strong><span>DARSHAN<\/span><\/strong><span> is a blessing of a Master who transmits divine energy to his disciples by giving them shaktipat. It is the act of awareness which happens through interaction between the Master and disciple. The aim of this act is to raise the consciousness of an individual. The transmission of high frequency waves can happen by a word, mantra, look or touch. <strong>DARSHAN literally means \u201cdivine insight\u201d.<\/strong> Channels for cosmic light are being opened. With regular meditation, mantras or prayer we can keep them open. The energy Stephen shares with us at Darshan is different from the one he uses for spiritual healing.<\/span><\/p>\n<p style=\"font-weight: 400;\"><span>Darshan happens in silence. Stephen touches each person individually.<\/span><\/p>\n<p style=\"font-weight: 400;\"><strong><span>PRICE:<\/span><\/strong><span> adults \u20ac40; children aged 7 to 17 \u20ac20; children up to 7 free<\/span><\/p>\n<p>[\/et_pb_text][\/et_pb_column][\/et_pb_row][\/et_pb_section][et_pb_section fb_built=&#8221;1&#8243; _builder_version=&#8221;4.27.0&#8243; _module_preset=&#8221;default&#8221; background_color=&#8221;#f5f6f7&#8243; saved_tabs=&#8221;all&#8221; global_colors_info=&#8221;{}&#8221; global_module=&#8221;235580&#8243; theme_builder_area=&#8221;post_content&#8221;][et_pb_row column_structure=&#8221;1_2,1_2&#8243; _builder_version=&#8221;4.27.0&#8243; _module_preset=&#8221;default&#8221; global_colors_info=&#8221;{}&#8221; theme_builder_area=&#8221;post_content&#8221;][et_pb_column type=&#8221;1_2&#8243; _builder_version=&#8221;4.22.0&#8243; _module_preset=&#8221;default&#8221; global_colors_info=&#8221;{}&#8221; theme_builder_area=&#8221;post_content&#8221;][et_pb_text admin_label=&#8221;Zavod ITAU&#8221; _builder_version=&#8221;4.27.4&#8243; _module_preset=&#8221;default&#8221; header_2_text_color=&#8221;#333333&#8243; locked=&#8221;off&#8221; global_colors_info=&#8221;{}&#8221; theme_builder_area=&#8221;post_content&#8221;]<\/p>\n<h2>Institute ITAU<\/h2>\n<p>[\/et_pb_text][et_pb_image src=&#8221;https:\/\/www.stephenturoff.com\/wp-content\/uploads\/2016\/04\/itau-logo-62-100.png&#8221; title_text=&#8221;itau-logo-62-100&#8243; url=&#8221;@ET-DC@eyJkeW5hbWljIjp0cnVlLCJjb250ZW50IjoiaG9tZV91cmwiLCJzZXR0aW5ncyI6e319@&#8221; _builder_version=&#8221;4.27.0&#8243; _dynamic_attributes=&#8221;url&#8221; _module_preset=&#8221;default&#8221; width=&#8221;70%&#8221; global_colors_info=&#8221;{}&#8221; theme_builder_area=&#8221;post_content&#8221;][\/et_pb_image][et_pb_text _builder_version=&#8221;4.27.0&#8243; _module_preset=&#8221;default&#8221; text_text_color=&#8221;#333333&#8243; text_font_size=&#8221;13px&#8221; link_text_color=&#8221;#1F9BBA&#8221; link_font_size=&#8221;13px&#8221; header_2_text_color=&#8221;#FFFFFF&#8221; locked=&#8221;off&#8221; global_colors_info=&#8221;{}&#8221; theme_builder_area=&#8221;post_content&#8221;]Center za duhovno zdravljenje in razvoj zavedanja<br \/>\nLjubljanska cesta 11<br \/>\n4260 BLED<\/p>\n<p>Tax Number: 31807593<br \/>\nCompany Registration Number: 1733028000<br \/>\nPhone: +386 4 578 04 08<br \/>\nMobile: +386 41 208 655<br \/>\nEmail: info@itau.si[\/et_pb_text][\/et_pb_column][et_pb_column type=&#8221;1_2&#8243; _builder_version=&#8221;4.22.0&#8243; _module_preset=&#8221;default&#8221; global_colors_info=&#8221;{}&#8221; theme_builder_area=&#8221;post_content&#8221;][et_pb_text _builder_version=&#8221;4.27.0&#8243; _module_preset=&#8221;default&#8221; header_2_text_color=&#8221;#333333&#8243; global_colors_info=&#8221;{}&#8221; theme_builder_area=&#8221;post_content&#8221;]<\/p>\n<h2>Where we are<\/h2>\n<p>[\/et_pb_text][et_pb_text _builder_version=&#8221;4.27.0&#8243; _module_preset=&#8221;default&#8221; global_colors_info=&#8221;{}&#8221; theme_builder_area=&#8221;post_content&#8221;]<iframe src=\"https:\/\/www.google.com\/maps\/embed?pb=!1m14!1m8!1m3!1d5506.110380610344!2d14.11351!3d46.368293!3m2!1i1024!2i768!4f13.1!3m3!1m2!1s0x477a96d18d22931b%3A0x48f5f5ca842fcfed!2sZavod%20Itau%2C%20center%20za%20duhovno%20zdravljenje%20in%20razvoj%20Zavedanja!5e0!3m2!1ssl!2sus!4v1724851006501!5m2!1ssl!2sus\" width=\"100%\" height=\"380\" style=\"border:0;\" allowfullscreen=\"\" loading=\"lazy\" referrerpolicy=\"no-referrer-when-downgrade\"><\/iframe>[\/et_pb_text][\/et_pb_column][\/et_pb_row][\/et_pb_section]<\/p>\n","protected":false},"excerpt":{"rendered":"<p>DARSHAN is a blessing of a Master who transmits divine energy to his disciples by giving them shaktipat. It is the act of awareness which happens through interaction between the Master and disciple. The aim of this act is to raise the consciousness of an individual. The transmission of high frequency waves can happen by a word, mantra, look or touch. DARSHAN literally means \u201cdivine insight\u201d. Channels for cosmic light are being opened. With regular meditation, mantras or prayer we can keep them open. The energy Stephen shares with us at Darshan is different from the one he uses for spiritual healing. Darshan happens in silence. Stephen touches each person individually. PRICE: adults \u20ac40; children aged 7 to 17 \u20ac20; children up to 7 freeInstitute ITAUCenter za duhovno zdravljenje in razvoj zavedanja Ljubljanska cesta 11 4260 BLED Tax Number: 31807593 Company Registration Number: 1733028000 Phone: +386 4 578 04 08 Mobile: +386 41 208 655 Email: info@itau.siWhere we are<\/p>\n","protected":false},"author":1,"featured_media":0,"parent":3917,"menu_order":0,"comment_status":"closed","ping_status":"closed","template":"","meta":{"_et_pb_use_builder":"on","_et_pb_old_content":"","_et_gb_content_width":"","footnotes":""},"class_list":["post-235055","page","type-page","status-publish","hentry"],"_links":{"self":[{"href":"https:\/\/www.stephenturoff.com\/en\/wp-json\/wp\/v2\/pages\/235055","targetHints":{"allow":["GET"]}}],"collection":[{"href":"https:\/\/www.stephenturoff.com\/en\/wp-json\/wp\/v2\/pages"}],"about":[{"href":"https:\/\/www.stephenturoff.com\/en\/wp-json\/wp\/v2\/types\/page"}],"author":[{"embeddable":true,"href":"https:\/\/www.stephenturoff.com\/en\/wp-json\/wp\/v2\/users\/1"}],"replies":[{"embeddable":true,"href":"https:\/\/www.stephenturoff.com\/en\/wp-json\/wp\/v2\/comments?post=235055"}],"version-history":[{"count":7,"href":"https:\/\/www.stephenturoff.com\/en\/wp-json\/wp\/v2\/pages\/235055\/revisions"}],"predecessor-version":[{"id":235586,"href":"https:\/\/www.stephenturoff.com\/en\/wp-json\/wp\/v2\/pages\/235055\/revisions\/235586"}],"up":[{"embeddable":true,"href":"https:\/\/www.stephenturoff.com\/en\/wp-json\/wp\/v2\/pages\/3917"}],"wp:attachment":[{"href":"https:\/\/www.stephenturoff.com\/en\/wp-json\/wp\/v2\/media?parent=235055"}],"curies":[{"name":"wp","href":"https:\/\/api.w.org\/{rel}","templated":true}]}}