{"id":3784,"date":"2016-04-21T11:14:16","date_gmt":"2016-04-21T10:14:16","guid":{"rendered":"http:\/\/www.stephenturoff.com\/seminare\/seminar-in-blagoslov-z-vodo\/"},"modified":"2023-04-24T08:34:41","modified_gmt":"2023-04-24T07:34:41","slug":"mystisches-seminar-mit-wassersegen","status":"publish","type":"page","link":"https:\/\/www.stephenturoff.com\/de\/seminare\/mystisches-seminar-mit-wassersegen\/","title":{"rendered":"Mystisches seminar mit Wassersegen"},"content":{"rendered":"<p>[et_pb_section fb_built=&#8220;1&#8243; fullwidth=&#8220;on&#8220; admin_label=&#8220;section&#8220; _builder_version=&#8220;4.20.4&#8243; background_color=&#8220;rgba(255,255,255,0.48)&#8220; background_image=&#8220;https:\/\/www.stephenturoff.com\/wp-content\/uploads\/2016\/04\/stephen-turoff-background-1980-1314-obrnjena.jpg&#8220; background_blend=&#8220;overlay&#8220; background_last_edited=&#8220;on|phone&#8220; transparent_background=&#8220;off&#8220; padding_mobile=&#8220;off&#8220; global_colors_info=&#8220;{}&#8220; theme_builder_area=&#8220;post_content&#8220;][et_pb_fullwidth_header title=&#8220;MYSTISCHES SEMINAR MIT WASSERSEGEN&#8220; title_font_color=&#8220;#1f9bba&#8220; subhead_font_color=&#8220;#1f9bba&#8220; _builder_version=&#8220;4.20.4&#8243; title_font=&#8220;|700|||||||&#8220; title_text_color=&#8220;#1f9bba&#8220; title_font_size=&#8220;45px&#8220; subhead_text_color=&#8220;#1f9bba&#8220; subhead_font_size=&#8220;20px&#8220; background_color=&#8220;rgba(255, 255, 255, 0)&#8220; parallax=&#8220;on&#8220; background_layout=&#8220;light&#8220; hover_enabled=&#8220;0&#8243; title_font_size_tablet=&#8220;25px&#8220; title_font_size_phone=&#8220;&#8220; title_font_size_last_edited=&#8220;on|desktop&#8220; global_colors_info=&#8220;{}&#8220; button_one_text_size__hover_enabled=&#8220;off&#8220; button_one_text_size__hover=&#8220;null&#8220; button_two_text_size__hover_enabled=&#8220;off&#8220; button_two_text_size__hover=&#8220;null&#8220; button_one_text_color__hover_enabled=&#8220;off&#8220; button_one_text_color__hover=&#8220;null&#8220; button_two_text_color__hover_enabled=&#8220;off&#8220; button_two_text_color__hover=&#8220;null&#8220; button_one_border_width__hover_enabled=&#8220;off&#8220; button_one_border_width__hover=&#8220;null&#8220; button_two_border_width__hover_enabled=&#8220;off&#8220; button_two_border_width__hover=&#8220;null&#8220; button_one_border_color__hover_enabled=&#8220;off&#8220; button_one_border_color__hover=&#8220;null&#8220; button_two_border_color__hover_enabled=&#8220;off&#8220; button_two_border_color__hover=&#8220;null&#8220; button_one_border_radius__hover_enabled=&#8220;off&#8220; button_one_border_radius__hover=&#8220;null&#8220; button_two_border_radius__hover_enabled=&#8220;off&#8220; button_two_border_radius__hover=&#8220;null&#8220; button_one_letter_spacing__hover_enabled=&#8220;off&#8220; button_one_letter_spacing__hover=&#8220;null&#8220; button_two_letter_spacing__hover_enabled=&#8220;off&#8220; button_two_letter_spacing__hover=&#8220;null&#8220; button_one_bg_color__hover_enabled=&#8220;off&#8220; button_one_bg_color__hover=&#8220;null&#8220; button_two_bg_color__hover_enabled=&#8220;off&#8220; button_two_bg_color__hover=&#8220;null&#8220; theme_builder_area=&#8220;post_content&#8220; sticky_enabled=&#8220;0&#8243;][\/et_pb_fullwidth_header][\/et_pb_section][et_pb_section fb_built=&#8220;1&#8243; _builder_version=&#8220;4.16&#8243; z_index=&#8220;15&#8243; z_index_tablet=&#8220;500&#8243; global_colors_info=&#8220;{}&#8220;][et_pb_row column_structure=&#8220;1_2,1_2&#8243; _builder_version=&#8220;4.16&#8243; background_size=&#8220;initial&#8220; background_position=&#8220;top_left&#8220; background_repeat=&#8220;repeat&#8220; z_index=&#8220;15&#8243; module_alignment=&#8220;center&#8220; border_color_all=&#8220;#ffffff&#8220; global_colors_info=&#8220;{}&#8220;][et_pb_column type=&#8220;1_2&#8243; _builder_version=&#8220;4.16&#8243; custom_padding=&#8220;|||&#8220; global_colors_info=&#8220;{}&#8220; custom_padding__hover=&#8220;|||&#8220;][et_pb_image src=&#8220;https:\/\/www.stephenturoff.com\/wp-content\/uploads\/2016\/04\/krs-stephen-turoff-800-1067.jpg&#8220; align_tablet=&#8220;center&#8220; align_phone=&#8220;&#8220; align_last_edited=&#8220;on|desktop&#8220; _builder_version=&#8220;4.16&#8243; animation_style=&#8220;slide&#8220; animation_direction=&#8220;left&#8220; animation_duration=&#8220;500ms&#8220; animation_intensity_slide=&#8220;10%&#8220; custom_css_main_element=&#8220;box-shadow: -2px 4px 9px 0px rgba(0,0,0,0.5) !important;||}&#8220; animation=&#8220;left&#8220; sticky=&#8220;off&#8220; use_border_color=&#8220;off&#8220; border_color=&#8220;#ffffff&#8220; border_style=&#8220;solid&#8220; global_colors_info=&#8220;{}&#8220;]<\/p>\n<p>[\/et_pb_image][\/et_pb_column][et_pb_column type=&#8220;1_2&#8243; _builder_version=&#8220;4.16&#8243; custom_padding=&#8220;|||&#8220; global_colors_info=&#8220;{}&#8220; custom_padding__hover=&#8220;|||&#8220;][et_pb_divider show_divider=&#8220;off&#8220; _builder_version=&#8220;4.16&#8243; global_colors_info=&#8220;{}&#8220;][\/et_pb_divider][et_pb_cta title=&#8220;MYSTISCHES SEMINAR MIT WASSERSEGEN&#8220; button_url=&#8220;mailto:info@itau.si&#8220; button_text=&#8220;ANMELDESCHEIN&#8220; _builder_version=&#8220;4.20.4&#8243; header_text_color=&#8220;#ffffff&#8220; link_option_url=&#8220;mailto:info@itau.si&#8220; hover_enabled=&#8220;0&#8243; border_width_all=&#8220;2px&#8220; border_color_all=&#8220;#ffffff&#8220; box_shadow_style=&#8220;preset2&#8243; locked=&#8220;off&#8220; global_colors_info=&#8220;{}&#8220; sticky_enabled=&#8220;0&#8243;][\/et_pb_cta][et_pb_text _builder_version=&#8220;4.16&#8243; background_size=&#8220;initial&#8220; background_position=&#8220;top_left&#8220; background_repeat=&#8220;repeat&#8220; text_orientation=&#8220;justified&#8220; use_border_color=&#8220;off&#8220; border_color=&#8220;#ffffff&#8220; border_style=&#8220;solid&#8220; global_colors_info=&#8220;{}&#8220;]<\/p>\n<p>Einmal im Jahr setzt Stephen sein Seminar mit dem Wassersegen am Fluss Sava fort. Das Seminar ist die Vorbereitung f\u00fcr die nachfolgende tiefgehende Erfahrung der Taufe. Stephen tauft mit dem Heiligen Geist und \u00f6ffnet so h\u00f6here Bewusstseinsebenen. Alle, die Stephen begegnen, sind tief ber\u00fchrt von seinem Energiefeld. Dieses l\u00f6st einen Prozess der Ver\u00e4nderung aus und f\u00f6rdert die spirituelle Entwicklung.<\/p>\n<p><strong>PREISE:<\/strong> Erwachsene 40 \u20ac, Kinder 7-17 Jahre 20 \u20ac<\/p>\n<p>[\/et_pb_text][\/et_pb_column][\/et_pb_row][\/et_pb_section]<\/p>\n","protected":false},"excerpt":{"rendered":"<p>Einmal im Jahr setzt Stephen sein Seminar mit dem Wassersegen am Fluss Sava fort. Das Seminar ist die Vorbereitung f\u00fcr die nachfolgende tiefgehende Erfahrung der Taufe. Stephen tauft mit dem Heiligen Geist und \u00f6ffnet so h\u00f6here Bewusstseinsebenen. Alle, die Stephen begegnen, sind tief ber\u00fchrt von seinem Energiefeld. Dieses l\u00f6st einen Prozess der Ver\u00e4nderung aus und f\u00f6rdert die spirituelle Entwicklung. PREISE: Erwachsene 40 \u20ac, Kinder 7-17 Jahre 20 \u20ac<\/p>\n","protected":false},"author":1,"featured_media":0,"parent":3779,"menu_order":2,"comment_status":"closed","ping_status":"closed","template":"","meta":{"_et_pb_use_builder":"on","_et_pb_old_content":"","_et_gb_content_width":"","footnotes":""},"class_list":["post-3784","page","type-page","status-publish","hentry"],"_links":{"self":[{"href":"https:\/\/www.stephenturoff.com\/de\/wp-json\/wp\/v2\/pages\/3784","targetHints":{"allow":["GET"]}}],"collection":[{"href":"https:\/\/www.stephenturoff.com\/de\/wp-json\/wp\/v2\/pages"}],"about":[{"href":"https:\/\/www.stephenturoff.com\/de\/wp-json\/wp\/v2\/types\/page"}],"author":[{"embeddable":true,"href":"https:\/\/www.stephenturoff.com\/de\/wp-json\/wp\/v2\/users\/1"}],"replies":[{"embeddable":true,"href":"https:\/\/www.stephenturoff.com\/de\/wp-json\/wp\/v2\/comments?post=3784"}],"version-history":[{"count":51,"href":"https:\/\/www.stephenturoff.com\/de\/wp-json\/wp\/v2\/pages\/3784\/revisions"}],"predecessor-version":[{"id":235355,"href":"https:\/\/www.stephenturoff.com\/de\/wp-json\/wp\/v2\/pages\/3784\/revisions\/235355"}],"up":[{"embeddable":true,"href":"https:\/\/www.stephenturoff.com\/de\/wp-json\/wp\/v2\/pages\/3779"}],"wp:attachment":[{"href":"https:\/\/www.stephenturoff.com\/de\/wp-json\/wp\/v2\/media?parent=3784"}],"curies":[{"name":"wp","href":"https:\/\/api.w.org\/{rel}","templated":true}]}}