{"id":3776,"date":"2016-04-05T12:03:59","date_gmt":"2016-04-05T11:03:59","guid":{"rendered":"http:\/\/www.stephenturoff.com\/therapien\/terapije-na-daljavo\/"},"modified":"2025-08-14T11:01:16","modified_gmt":"2025-08-14T10:01:16","slug":"fernbehandlungen","status":"publish","type":"page","link":"https:\/\/www.stephenturoff.com\/de\/therapien\/fernbehandlungen\/","title":{"rendered":"FERNBEHANDLUNGEN"},"content":{"rendered":"<p>[et_pb_section fb_built=&#8220;1&#8243; fullwidth=&#8220;on&#8220; admin_label=&#8220;section&#8220; _builder_version=&#8220;4.20.4&#8243; background_color=&#8220;rgba(255,255,255,0.48)&#8220; background_image=&#8220;https:\/\/www.stephenturoff.com\/wp-content\/uploads\/2016\/04\/stephen-turoff-background-1980-1314-obrnjena.jpg&#8220; background_blend=&#8220;overlay&#8220; background_last_edited=&#8220;on|phone&#8220; transparent_background=&#8220;off&#8220; padding_mobile=&#8220;off&#8220; global_colors_info=&#8220;{}&#8220;][et_pb_fullwidth_header title=&#8220;FERNBEHANDLUNGEN&#8220; title_font_color=&#8220;#1f9bba&#8220; subhead_font_color=&#8220;#1f9bba&#8220; _builder_version=&#8220;4.20.4&#8243; title_font=&#8220;|700|||||||&#8220; title_text_color=&#8220;#1f9bba&#8220; title_font_size=&#8220;45px&#8220; subhead_text_color=&#8220;#1f9bba&#8220; subhead_font_size=&#8220;20px&#8220; background_color=&#8220;rgba(255, 255, 255, 0)&#8220; parallax=&#8220;on&#8220; background_layout=&#8220;light&#8220; title_font_size_tablet=&#8220;25px&#8220; title_font_size_phone=&#8220;&#8220; title_font_size_last_edited=&#8220;on|desktop&#8220; global_colors_info=&#8220;{}&#8220; button_one_text_size__hover_enabled=&#8220;off&#8220; button_one_text_size__hover=&#8220;null&#8220; button_two_text_size__hover_enabled=&#8220;off&#8220; button_two_text_size__hover=&#8220;null&#8220; button_one_text_color__hover_enabled=&#8220;off&#8220; button_one_text_color__hover=&#8220;null&#8220; button_two_text_color__hover_enabled=&#8220;off&#8220; button_two_text_color__hover=&#8220;null&#8220; button_one_border_width__hover_enabled=&#8220;off&#8220; button_one_border_width__hover=&#8220;null&#8220; button_two_border_width__hover_enabled=&#8220;off&#8220; button_two_border_width__hover=&#8220;null&#8220; button_one_border_color__hover_enabled=&#8220;off&#8220; button_one_border_color__hover=&#8220;null&#8220; button_two_border_color__hover_enabled=&#8220;off&#8220; button_two_border_color__hover=&#8220;null&#8220; button_one_border_radius__hover_enabled=&#8220;off&#8220; button_one_border_radius__hover=&#8220;null&#8220; button_two_border_radius__hover_enabled=&#8220;off&#8220; button_two_border_radius__hover=&#8220;null&#8220; button_one_letter_spacing__hover_enabled=&#8220;off&#8220; button_one_letter_spacing__hover=&#8220;null&#8220; button_two_letter_spacing__hover_enabled=&#8220;off&#8220; button_two_letter_spacing__hover=&#8220;null&#8220; button_one_bg_color__hover_enabled=&#8220;off&#8220; button_one_bg_color__hover=&#8220;null&#8220; button_two_bg_color__hover_enabled=&#8220;off&#8220; button_two_bg_color__hover=&#8220;null&#8220;][\/et_pb_fullwidth_header][\/et_pb_section][et_pb_section fb_built=&#8220;1&#8243; custom_padding_last_edited=&#8220;on|desktop&#8220; admin_label=&#8220;Section&#8220; _builder_version=&#8220;4.16&#8243; background_color=&#8220;#ffffff&#8220; custom_padding_tablet=&#8220;50px|0|50px|0&#8243; custom_padding_phone=&#8220;50px|0|50px|0&#8243; transparent_background=&#8220;off&#8220; padding_mobile=&#8220;off&#8220; make_fullwidth=&#8220;off&#8220; use_custom_width=&#8220;off&#8220; width_unit=&#8220;on&#8220; global_colors_info=&#8220;{}&#8220;][et_pb_row column_structure=&#8220;1_2,1_2&#8243; admin_label=&#8220;row&#8220; _builder_version=&#8220;4.16&#8243; background_size=&#8220;initial&#8220; background_position=&#8220;top_left&#8220; background_repeat=&#8220;repeat&#8220; global_colors_info=&#8220;{}&#8220;][et_pb_column type=&#8220;1_2&#8243; _builder_version=&#8220;4.16&#8243; custom_padding=&#8220;|||&#8220; global_colors_info=&#8220;{}&#8220; custom_padding__hover=&#8220;|||&#8220;][dsm_contact_form_7 cf7_library=&#8220;3425&#8243; _builder_version=&#8220;4.27.4&#8243; _module_preset=&#8220;default&#8220; global_colors_info=&#8220;{}&#8220;][\/dsm_contact_form_7][\/et_pb_column][et_pb_column type=&#8220;1_2&#8243; _builder_version=&#8220;4.16&#8243; custom_padding=&#8220;|||&#8220; global_colors_info=&#8220;{}&#8220; custom_padding__hover=&#8220;|||&#8220;][et_pb_text admin_label=&#8220;Text&#8220; _builder_version=&#8220;4.16&#8243; background_size=&#8220;initial&#8220; background_position=&#8220;top_left&#8220; background_repeat=&#8220;repeat&#8220; use_border_color=&#8220;off&#8220; border_color=&#8220;#ffffff&#8220; border_style=&#8220;solid&#8220; global_colors_info=&#8220;{}&#8220;]Wenn jemand nicht zum Stephen pers\u00f6nlich kommen kann, kann er um eine Fernbehandlung bitten. Wie alle gro\u00dfen Meister bewegt sich Stephen jenseits des Raum-Zeit-Gef\u00fcges. So ist es ihm m\u00f6glich, Klienten auch aus der Ferne zu behandeln und direkt heilend in den Prozess einzugreifen. Diese Behandlungsform steht allen offen und wirkt grenzenlos auf vielen Ebenen bis ins k\u00f6rperliche Geschehen.<\/p>\n<p><strong>PREISE:<\/strong>\u00a0f\u00fcr 1 Monat\u00a065 \u20ac, f\u00fcr 2 Monate\u00a0120 \u20ac<br \/>\n[\/et_pb_text][et_pb_team_member name=&#8220;Stephen Turoff&#8220; position=&#8220;Lehrer, Philosoph, Ritter, Menschenfreund, Mystiker und geistiger Therapeut.&#8220; image_url=&#8220;https:\/\/www.stephenturoff.com\/wp-content\/uploads\/2016\/04\/top-image14.jpg&#8220; admin_label=&#8220;Person&#8220; _builder_version=&#8220;4.16&#8243; background_size=&#8220;initial&#8220; background_position=&#8220;top_left&#8220; background_repeat=&#8220;repeat&#8220; use_border_color=&#8220;off&#8220; border_color=&#8220;#ffffff&#8220; border_style=&#8220;solid&#8220; global_colors_info=&#8220;{}&#8220;] [\/et_pb_team_member][et_pb_cta title=&#8220;WICHTIG!!!&#8220; admin_label=&#8220;WICHTIG!!!&#8220; _builder_version=&#8220;4.16&#8243; header_font_size=&#8220;20&#8243; body_font_size=&#8220;12&#8243; background_color=&#8220;#ffffff&#8220; background_size=&#8220;initial&#8220; background_position=&#8220;top_left&#8220; background_repeat=&#8220;repeat&#8220; text_orientation=&#8220;justified&#8220; background_layout=&#8220;light&#8220; border_width_all=&#8220;0px&#8220; border_color_all=&#8220;#464646&#8243; border_style_all=&#8220;dashed&#8220; use_border_color=&#8220;on&#8220; border_color=&#8220;#464646&#8243; border_style=&#8220;dashed&#8220; button_letter_spacing_hover=&#8220;0&#8243; global_colors_info=&#8220;{}&#8220; button_text_size__hover_enabled=&#8220;off&#8220; button_one_text_size__hover_enabled=&#8220;off&#8220; button_two_text_size__hover_enabled=&#8220;off&#8220; button_text_color__hover_enabled=&#8220;off&#8220; button_one_text_color__hover_enabled=&#8220;off&#8220; button_two_text_color__hover_enabled=&#8220;off&#8220; button_border_width__hover_enabled=&#8220;off&#8220; button_one_border_width__hover_enabled=&#8220;off&#8220; button_two_border_width__hover_enabled=&#8220;off&#8220; button_border_color__hover_enabled=&#8220;off&#8220; button_one_border_color__hover_enabled=&#8220;off&#8220; button_two_border_color__hover_enabled=&#8220;off&#8220; button_border_radius__hover_enabled=&#8220;off&#8220; button_one_border_radius__hover_enabled=&#8220;off&#8220; button_two_border_radius__hover_enabled=&#8220;off&#8220; button_letter_spacing__hover_enabled=&#8220;on&#8220; button_letter_spacing__hover=&#8220;0&#8243; button_one_letter_spacing__hover_enabled=&#8220;off&#8220; button_two_letter_spacing__hover_enabled=&#8220;off&#8220; button_bg_color__hover_enabled=&#8220;off&#8220; button_one_bg_color__hover_enabled=&#8220;off&#8220; button_two_bg_color__hover_enabled=&#8220;off&#8220;]Stephen Turoff ist kein Arzt. Geistige Therapien sind komplement\u00e4re (erg\u00e4nzende) und nicht alternative. Wir empfehlen dringend, mit der \u00e4rztlichen Behandlung fortzufahren und medikament\u00f6se Therapien nicht abzubrechen, solange Sie Vom Arzt keine Anweisungen bekommen. Sie m\u00fcssen unbedingt Ihren gesundheitlichen Zustand kontrollieren, gehen sie zum Ultraschall, R\u00f6ntgen und machen Sie alle anderen Untersuchungen.<br \/>\n[\/et_pb_cta][\/et_pb_column][\/et_pb_row][\/et_pb_section][et_pb_section fb_built=&#8220;1&#8243; _builder_version=&#8220;4.27.0&#8243; _module_preset=&#8220;default&#8220; background_color=&#8220;#f5f6f7&#8243; saved_tabs=&#8220;all&#8220; global_colors_info=&#8220;{}&#8220; global_module=&#8220;235595&#8243; theme_builder_area=&#8220;post_content&#8220;][et_pb_row column_structure=&#8220;1_2,1_2&#8243; _builder_version=&#8220;4.27.0&#8243; _module_preset=&#8220;default&#8220; global_colors_info=&#8220;{}&#8220; theme_builder_area=&#8220;post_content&#8220;][et_pb_column type=&#8220;1_2&#8243; _builder_version=&#8220;4.22.0&#8243; _module_preset=&#8220;default&#8220; global_colors_info=&#8220;{}&#8220; theme_builder_area=&#8220;post_content&#8220;][et_pb_text admin_label=&#8220;Zavod ITAU&#8220; _builder_version=&#8220;4.27.0&#8243; _module_preset=&#8220;default&#8220; header_2_text_color=&#8220;#333333&#8243; locked=&#8220;off&#8220; global_colors_info=&#8220;{}&#8220; theme_builder_area=&#8220;post_content&#8220;]<\/p>\n<h2>Institut ITAU<\/h2>\n<p>[\/et_pb_text][et_pb_image src=&#8220;https:\/\/www.stephenturoff.com\/wp-content\/uploads\/2016\/04\/itau-logo-62-100.png&#8220; title_text=&#8220;itau-logo-62-100&#8243; url=&#8220;@ET-DC@eyJkeW5hbWljIjp0cnVlLCJjb250ZW50IjoiaG9tZV91cmwiLCJzZXR0aW5ncyI6e319@&#8220; _builder_version=&#8220;4.27.0&#8243; _dynamic_attributes=&#8220;url&#8220; _module_preset=&#8220;default&#8220; width=&#8220;70%&#8220; global_colors_info=&#8220;{}&#8220; theme_builder_area=&#8220;post_content&#8220;][\/et_pb_image][et_pb_text _builder_version=&#8220;4.27.0&#8243; _module_preset=&#8220;default&#8220; text_text_color=&#8220;#333333&#8243; text_font_size=&#8220;13px&#8220; link_text_color=&#8220;#1F9BBA&#8220; link_font_size=&#8220;13px&#8220; header_2_text_color=&#8220;#FFFFFF&#8220; locked=&#8220;off&#8220; global_colors_info=&#8220;{}&#8220; theme_builder_area=&#8220;post_content&#8220;]Center za duhovno zdravljenje in razvoj zavedanja<br \/>\nLjubljanska cesta 11<br \/>\n4260 BLED<\/p>\n<p>Steuernummer: 31807593<br \/>\nUnternehmensnummer: 1733028000<br \/>\nTelefon: (04) 578 04 08<br \/>\nTelefon (international): 00386 4 578 04 08<br \/>\nMobil: 00386 41 208 655<br \/>\nE-Mail: info@itau.si[\/et_pb_text][\/et_pb_column][et_pb_column type=&#8220;1_2&#8243; _builder_version=&#8220;4.22.0&#8243; _module_preset=&#8220;default&#8220; global_colors_info=&#8220;{}&#8220; theme_builder_area=&#8220;post_content&#8220;][et_pb_text _builder_version=&#8220;4.27.0&#8243; _module_preset=&#8220;default&#8220; header_2_text_color=&#8220;#333333&#8243; global_colors_info=&#8220;{}&#8220; theme_builder_area=&#8220;post_content&#8220;]<\/p>\n<h2>Wo wir sind<\/h2>\n<p>[\/et_pb_text][et_pb_text _builder_version=&#8220;4.27.0&#8243; _module_preset=&#8220;default&#8220; global_colors_info=&#8220;{}&#8220; theme_builder_area=&#8220;post_content&#8220;]<iframe src=\"https:\/\/www.google.com\/maps\/embed?pb=!1m14!1m8!1m3!1d5506.110380610344!2d14.11351!3d46.368293!3m2!1i1024!2i768!4f13.1!3m3!1m2!1s0x477a96d18d22931b%3A0x48f5f5ca842fcfed!2sZavod%20Itau%2C%20center%20za%20duhovno%20zdravljenje%20in%20razvoj%20Zavedanja!5e0!3m2!1ssl!2sus!4v1724851006501!5m2!1ssl!2sus\" width=\"100%\" height=\"380\" style=\"border:0;\" allowfullscreen=\"\" loading=\"lazy\" referrerpolicy=\"no-referrer-when-downgrade\"><\/iframe>[\/et_pb_text][\/et_pb_column][\/et_pb_row][\/et_pb_section]<\/p>\n","protected":false},"excerpt":{"rendered":"<p><div class=\"et_pb_module dsm_contact_form_7 dsm_contact_form_7_0\">\n\t\t\t\t\n\t\t\t\t\n\t\t\t\t\n\t\t\t\t\n\t\t\t\t\n\t\t\t\t\n\t\t\t\t<div class=\"et_pb_module_inner\">\n\t\t\t\t\t<div class=\"\">\n\t\t\t\t\n<div class=\"wpcf7 no-js\" id=\"wpcf7-f3425-o1\" lang=\"sl-SI\" dir=\"ltr\" data-wpcf7-id=\"3425\">\n<div class=\"screen-reader-response\"><p role=\"status\" aria-live=\"polite\" aria-atomic=\"true\"><\/p> <ul><\/ul><\/div>\n<form action=\"\/de\/wp-json\/wp\/v2\/pages\/3776#wpcf7-f3425-o1\" method=\"post\" class=\"wpcf7-form init\" aria-label=\"Kontaktni obrazec\" novalidate=\"novalidate\" data-status=\"init\">\n<fieldset class=\"hidden-fields-container\"><input type=\"hidden\" name=\"_wpcf7\" value=\"3425\" \/><input type=\"hidden\" name=\"_wpcf7_version\" value=\"6.1.5\" \/><input type=\"hidden\" name=\"_wpcf7_locale\" value=\"sl_SI\" \/><input type=\"hidden\" name=\"_wpcf7_unit_tag\" value=\"wpcf7-f3425-o1\" \/><input type=\"hidden\" name=\"_wpcf7_container_post\" value=\"0\" \/><input type=\"hidden\" name=\"_wpcf7_posted_data_hash\" value=\"\" \/>\n<\/fieldset>\n<h3>ELEKTRONISCHE ANMELDESCHEIN \u2013 FERNBEHANDLUNG\n<\/h3>\n<p><b>VORNAME UND NACHNAME:<\/b> (zeigt Pflichtfeld)\n<\/p>\n<p><span class=\"wpcf7-form-control-wrap\" data-name=\"your-name\"><input size=\"40\" maxlength=\"400\" class=\"wpcf7-form-control wpcf7-text wpcf7-validates-as-required\" aria-required=\"true\" aria-invalid=\"false\" value=\"\" type=\"text\" name=\"your-name\" \/><\/span>\n<\/p>\n<p><b>GEBURTSDATUM:<\/b> (zeigt Pflichtfeld)\n<\/p>\n<p><span class=\"wpcf7-form-control-wrap\" data-name=\"Datumrojstva\"><input size=\"40\" maxlength=\"400\" class=\"wpcf7-form-control wpcf7-text wpcf7-validates-as-required\" aria-required=\"true\" aria-invalid=\"false\" value=\"\" type=\"text\" name=\"Datumrojstva\" \/><\/span>\n<\/p>\n<p><b>IHRE ADRESSE:<\/b>\n<\/p>\n<p><span class=\"wpcf7-form-control-wrap\" data-name=\"Naslov\"><input size=\"40\" maxlength=\"400\" class=\"wpcf7-form-control wpcf7-text\" aria-invalid=\"false\" value=\"\" type=\"text\" name=\"Naslov\" \/><\/span>\n<\/p>\n<p><b>POSTLEITZAHL UND ORT:<\/b>\n<\/p>\n<p><span class=\"wpcf7-form-control-wrap\" data-name=\"KRAJ\"><input size=\"40\" maxlength=\"400\" class=\"wpcf7-form-control wpcf7-text\" aria-invalid=\"false\" value=\"\" type=\"text\" name=\"KRAJ\" \/><\/span>\n<\/p>\n<p><b>TELEFONNUMMER:<\/b>\n<\/p>\n<p><span class=\"wpcf7-form-control-wrap\" data-name=\"Telefon\"><input size=\"40\" maxlength=\"400\" class=\"wpcf7-form-control wpcf7-text\" aria-invalid=\"false\" value=\"\" type=\"text\" name=\"Telefon\" \/><\/span>\n<\/p>\n<p><b>E-MAIL<\/b> (zeigt Pflichtfeld)\n<\/p>\n<p><span class=\"wpcf7-form-control-wrap\" data-name=\"your-email\"><input size=\"40\" maxlength=\"400\" class=\"wpcf7-form-control wpcf7-email wpcf7-validates-as-required wpcf7-text wpcf7-validates-as-email\" aria-required=\"true\" aria-invalid=\"false\" value=\"\" type=\"email\" name=\"your-email\" \/><\/span>\n<\/p>\n<p><b>BESCHREIBUNG DER KRANKHEIT:<\/b>\n<\/p>\n<p>Eine kurze Beschreibung Ihrer Krankheitssymptome oder medizinische Diagnose<br \/>\n<span class=\"wpcf7-form-control-wrap\" data-name=\"your-message\"><textarea cols=\"40\" rows=\"10\" maxlength=\"2000\" class=\"wpcf7-form-control wpcf7-textarea\" aria-invalid=\"false\" name=\"your-message\"><\/textarea><\/span>\n<\/p>\n<p><b>HABEN SIE SCHON AM THERAPIE TEILGENOMMEN?<\/b>\n<\/p>\n<p><span class=\"wpcf7-form-control-wrap\" data-name=\"checkbox-595\"><span class=\"wpcf7-form-control wpcf7-checkbox wpcf7-validates-as-required\"><span class=\"wpcf7-list-item first last\"><input type=\"checkbox\" name=\"checkbox-595[]\" value=\"JA\" \/><span class=\"wpcf7-list-item-label\">JA<\/span><\/span><\/span><\/span><br \/>\n<span class=\"wpcf7-form-control-wrap\" data-name=\"checkbox-595\"><span class=\"wpcf7-form-control wpcf7-checkbox wpcf7-validates-as-required\"><span class=\"wpcf7-list-item first last\"><input type=\"checkbox\" name=\"checkbox-595[]\" value=\"NEIN\" \/><span class=\"wpcf7-list-item-label\">NEIN<\/span><\/span><\/span><\/span>\n<\/p>\n<p><b>CAPTCHA<\/b>\n<\/p>\n<p><input type=\"hidden\" name=\"_wpcf7_captcha_challenge_Varnostnopolje\" value=\"3149200325\" \/><img loading=\"lazy\" decoding=\"async\" class=\"wpcf7-form-control wpcf7-captchac wpcf7-captcha-Varnostnopolje\" width=\"72\" height=\"24\" alt=\"captcha\" src=\"https:\/\/www.stephenturoff.com\/wp-content\/uploads\/wpcf7_captcha\/3149200325.png\" \/>\n<\/p>\n<p><span class=\"wpcf7-form-control-wrap\" data-name=\"Varnostnopolje\"><input size=\"40\" class=\"wpcf7-form-control wpcf7-captchar\" autocomplete=\"off\" aria-invalid=\"false\" value=\"\" type=\"text\" name=\"Varnostnopolje\" \/><\/span>\n<\/p>\n<p><button class=\"wpcf7-form-control wpcf7-submit has-spinner et_pb_button et_pb_bg_layout_light\" type=\"submit\" value=\"Senden\">Senden<\/button>\n<\/p><div class=\"wpcf7-response-output\" aria-hidden=\"true\"><\/div>\n<\/form>\n<\/div>\n\n\t\t\t<\/div>\n\t\t\t\t<\/div>\n\t\t\t<\/div>Wenn jemand nicht zum Stephen pers\u00f6nlich kommen kann, kann er um eine Fernbehandlung bitten. Wie alle gro\u00dfen Meister bewegt sich Stephen jenseits des Raum-Zeit-Gef\u00fcges. So ist es ihm m\u00f6glich, Klienten auch aus der Ferne zu behandeln und direkt heilend in den Prozess einzugreifen. Diese Behandlungsform steht allen offen und wirkt grenzenlos auf vielen Ebenen bis ins k\u00f6rperliche Geschehen. PREISE:\u00a0f\u00fcr 1 Monat\u00a065 \u20ac, f\u00fcr 2 Monate\u00a0120 \u20ac Stephen Turoff ist kein Arzt. Geistige Therapien sind komplement\u00e4re (erg\u00e4nzende) und nicht alternative. Wir empfehlen dringend, mit der \u00e4rztlichen Behandlung fortzufahren und medikament\u00f6se Therapien nicht abzubrechen, solange Sie Vom Arzt keine Anweisungen bekommen. Sie m\u00fcssen unbedingt Ihren gesundheitlichen Zustand kontrollieren, gehen sie zum Ultraschall, R\u00f6ntgen und machen Sie alle anderen Untersuchungen. Institut ITAUCenter za duhovno zdravljenje in razvoj zavedanja Ljubljanska cesta 11 4260 BLED Steuernummer: 31807593 Unternehmensnummer: 1733028000 Telefon: (04) 578 04 08 Telefon (international): 00386 4 578 04 08 Mobil: 00386 41 208 655 E-Mail: info@itau.siWo wir sind<\/p>\n","protected":false},"author":1,"featured_media":0,"parent":3757,"menu_order":4,"comment_status":"closed","ping_status":"closed","template":"","meta":{"_et_pb_use_builder":"on","_et_pb_old_content":"[contact-form-7 id=\"3167\" title=\"ELEKTRONSKA PRIJAVA \u2013 Lije\u010denje na daljinu\"]","_et_gb_content_width":"","footnotes":""},"class_list":["post-3776","page","type-page","status-publish","hentry"],"_links":{"self":[{"href":"https:\/\/www.stephenturoff.com\/de\/wp-json\/wp\/v2\/pages\/3776","targetHints":{"allow":["GET"]}}],"collection":[{"href":"https:\/\/www.stephenturoff.com\/de\/wp-json\/wp\/v2\/pages"}],"about":[{"href":"https:\/\/www.stephenturoff.com\/de\/wp-json\/wp\/v2\/types\/page"}],"author":[{"embeddable":true,"href":"https:\/\/www.stephenturoff.com\/de\/wp-json\/wp\/v2\/users\/1"}],"replies":[{"embeddable":true,"href":"https:\/\/www.stephenturoff.com\/de\/wp-json\/wp\/v2\/comments?post=3776"}],"version-history":[{"count":6,"href":"https:\/\/www.stephenturoff.com\/de\/wp-json\/wp\/v2\/pages\/3776\/revisions"}],"predecessor-version":[{"id":235608,"href":"https:\/\/www.stephenturoff.com\/de\/wp-json\/wp\/v2\/pages\/3776\/revisions\/235608"}],"up":[{"embeddable":true,"href":"https:\/\/www.stephenturoff.com\/de\/wp-json\/wp\/v2\/pages\/3757"}],"wp:attachment":[{"href":"https:\/\/www.stephenturoff.com\/de\/wp-json\/wp\/v2\/media?parent=3776"}],"curies":[{"name":"wp","href":"https:\/\/api.w.org\/{rel}","templated":true}]}}