{"id":3766,"date":"2016-05-06T09:57:51","date_gmt":"2016-05-06T08:57:51","guid":{"rendered":"http:\/\/www.stephenturoff.com\/?page_id=3766"},"modified":"2025-08-14T11:06:18","modified_gmt":"2025-08-14T10:06:18","slug":"stephen-jason-turoff","status":"publish","type":"page","link":"https:\/\/www.stephenturoff.com\/de\/stephen-jason-turoff\/","title":{"rendered":"STEPHEN &#038; JASON TUROFF"},"content":{"rendered":"<p>[et_pb_section fb_built=&#8220;1&#8243; fullwidth=&#8220;on&#8220; admin_label=&#8220;section&#8220; _builder_version=&#8220;4.20.4&#8243; background_color=&#8220;rgba(255,255,255,0.48)&#8220; background_image=&#8220;https:\/\/www.stephenturoff.com\/wp-content\/uploads\/2016\/04\/stephen-turoff-background-1980-1314-obrnjena.jpg&#8220; background_blend=&#8220;overlay&#8220; background_last_edited=&#8220;on|phone&#8220; transparent_background=&#8220;off&#8220; padding_mobile=&#8220;off&#8220; global_colors_info=&#8220;{}&#8220;][et_pb_fullwidth_header title=&#8220;STEPHEN TUROFF&#8220; subhead=&#8220;Wer ist Stephen Turoff?&#8220; title_font_color=&#8220;#1f9bba&#8220; subhead_font_color=&#8220;#1f9bba&#8220; _builder_version=&#8220;4.20.4&#8243; title_font=&#8220;|700|||||||&#8220; title_text_color=&#8220;#1f9bba&#8220; title_font_size=&#8220;45px&#8220; subhead_text_color=&#8220;#1f9bba&#8220; subhead_font_size=&#8220;20px&#8220; background_color=&#8220;rgba(255, 255, 255, 0)&#8220; parallax=&#8220;on&#8220; background_layout=&#8220;light&#8220; title_font_size_tablet=&#8220;25px&#8220; title_font_size_phone=&#8220;&#8220; title_font_size_last_edited=&#8220;on|desktop&#8220; global_colors_info=&#8220;{}&#8220; button_one_text_size__hover_enabled=&#8220;off&#8220; button_one_text_size__hover=&#8220;null&#8220; button_two_text_size__hover_enabled=&#8220;off&#8220; button_two_text_size__hover=&#8220;null&#8220; button_one_text_color__hover_enabled=&#8220;off&#8220; button_one_text_color__hover=&#8220;null&#8220; button_two_text_color__hover_enabled=&#8220;off&#8220; button_two_text_color__hover=&#8220;null&#8220; button_one_border_width__hover_enabled=&#8220;off&#8220; button_one_border_width__hover=&#8220;null&#8220; button_two_border_width__hover_enabled=&#8220;off&#8220; button_two_border_width__hover=&#8220;null&#8220; button_one_border_color__hover_enabled=&#8220;off&#8220; button_one_border_color__hover=&#8220;null&#8220; button_two_border_color__hover_enabled=&#8220;off&#8220; button_two_border_color__hover=&#8220;null&#8220; button_one_border_radius__hover_enabled=&#8220;off&#8220; button_one_border_radius__hover=&#8220;null&#8220; button_two_border_radius__hover_enabled=&#8220;off&#8220; button_two_border_radius__hover=&#8220;null&#8220; button_one_letter_spacing__hover_enabled=&#8220;off&#8220; button_one_letter_spacing__hover=&#8220;null&#8220; button_two_letter_spacing__hover_enabled=&#8220;off&#8220; button_two_letter_spacing__hover=&#8220;null&#8220; button_one_bg_color__hover_enabled=&#8220;off&#8220; button_one_bg_color__hover=&#8220;null&#8220; button_two_bg_color__hover_enabled=&#8220;off&#8220; button_two_bg_color__hover=&#8220;null&#8220;][\/et_pb_fullwidth_header][\/et_pb_section][et_pb_section fb_built=&#8220;1&#8243; custom_padding_last_edited=&#8220;on|desktop&#8220; _builder_version=&#8220;4.20.1&#8243; _module_preset=&#8220;default&#8220; background_color=&#8220;#ffffff&#8220; custom_padding=&#8220;70px||70px||true|false&#8220; custom_padding_tablet=&#8220;50px||50px||true|false&#8220; custom_padding_phone=&#8220;45px||45px||true|false&#8220; global_colors_info=&#8220;{}&#8220; theme_builder_area=&#8220;post_content&#8220;][et_pb_row column_structure=&#8220;1_2,1_2&#8243; custom_padding_last_edited=&#8220;on|desktop&#8220; _builder_version=&#8220;4.27.4&#8243; _module_preset=&#8220;default&#8220; width=&#8220;100%&#8220; max_width=&#8220;1100px&#8220; max_width_tablet=&#8220;90%&#8220; max_width_phone=&#8220;90%&#8220; max_width_last_edited=&#8220;on|desktop&#8220; custom_padding=&#8220;15px|15px|15px|15px|true|true&#8220; custom_padding_tablet=&#8220;20px|20px|20px|20px|true|true&#8220; custom_padding_phone=&#8220;18px|18px|18px|18px|true|true&#8220; border_width_all=&#8220;3px&#8220; border_color_all=&#8220;#E9E1C6&#8243; global_colors_info=&#8220;{}&#8220; theme_builder_area=&#8220;post_content&#8220;][et_pb_column type=&#8220;1_2&#8243; _builder_version=&#8220;4.17.4&#8243; _module_preset=&#8220;default&#8220; global_colors_info=&#8220;{}&#8220; theme_builder_area=&#8220;post_content&#8220;][et_pb_cta title=&#8220;Stephen Turoff&#8220; button_url=&#8220;#&#8220; _builder_version=&#8220;4.27.4&#8243; _module_preset=&#8220;default&#8220; header_font=&#8220;|700|||||||&#8220; header_text_color=&#8220;#000000&#8243; header_font_size=&#8220;46px&#8220; body_font=&#8220;||||||||&#8220; body_text_color=&#8220;#333333&#8243; body_line_height=&#8220;1.3em&#8220; background_enable_color=&#8220;off&#8220; custom_button=&#8220;on&#8220; button_text_size=&#8220;16px&#8220; button_text_color=&#8220;#ffc300&#8243; button_bg_color=&#8220;RGBA(255,255,255,0)&#8220; button_border_width=&#8220;0px&#8220; button_border_color=&#8220;RGBA(255,255,255,0)&#8220; button_border_radius=&#8220;0px&#8220; button_font=&#8220;Hind||||||||&#8220; button_icon=&#8220;&#xf30b;||fa||900&#8243; button_on_hover=&#8220;off&#8220; button_custom_padding=&#8220;0px|0px|0px|0px|true|true&#8220; button_custom_padding_tablet=&#8220;0px|0px|0px|0px|true|true&#8220; button_custom_padding_phone=&#8220;0px|0px|0px|0px|true|true&#8220; button_custom_padding_last_edited=&#8220;on|desktop&#8220; text_orientation=&#8220;left&#8220; custom_margin=&#8220;0px|0px|0px|0px|true|true&#8220; custom_padding=&#8220;0px|0px|0px|0px|true|true&#8220; hover_enabled=&#8220;0&#8243; header_font_size_tablet=&#8220;46px&#8220; header_font_size_phone=&#8220;34px&#8220; header_font_size_last_edited=&#8220;on|desktop&#8220; body_font_size_tablet=&#8220;22px&#8220; body_font_size_phone=&#8220;18px&#8220; body_font_size_last_edited=&#8220;on|desktop&#8220; body_line_height_tablet=&#8220;1.3em&#8220; body_line_height_phone=&#8220;1.2em&#8220; body_line_height_last_edited=&#8220;on|desktop&#8220; button_text_size_tablet=&#8220;16px&#8220; button_text_size_phone=&#8220;16px&#8220; button_text_size_last_edited=&#8220;on|desktop&#8220; text_orientation_tablet=&#8220;left&#8220; text_orientation_phone=&#8220;left&#8220; text_orientation_last_edited=&#8220;on|desktop&#8220; locked=&#8220;off&#8220; global_colors_info=&#8220;{}&#8220; button_bg_color__hover_enabled=&#8220;off|desktop&#8220; button_bg_enable_color__hover=&#8220;off&#8220; button_text_size__hover_enabled=&#8220;off|hover&#8220; button_text_color__hover_enabled=&#8220;on|hover&#8220; button_text_color__hover=&#8220;#ffffff&#8220; theme_builder_area=&#8220;post_content&#8220; sticky_enabled=&#8220;0&#8243;]Lehrer, Philosoph, Ritter, Menschenfreund, Mystiker und geistiger Therapeut[\/et_pb_cta][et_pb_image src=&#8220;https:\/\/www.stephenturoff.com\/wp-content\/uploads\/2016\/04\/charities4.jpg&#8220; title_text=&#8220;charities4&#8243; _builder_version=&#8220;4.27.4&#8243; _module_preset=&#8220;default&#8220; global_colors_info=&#8220;{}&#8220; theme_builder_area=&#8220;post_content&#8220;][\/et_pb_image][\/et_pb_column][et_pb_column type=&#8220;1_2&#8243; _builder_version=&#8220;4.17.4&#8243; _module_preset=&#8220;default&#8220; custom_padding=&#8220;35px|100px|0px|35px|false|false&#8220; custom_padding_tablet=&#8220;0px|||0px|false|false&#8220; custom_padding_phone=&#8220;|0px|||false|false&#8220; custom_padding_last_edited=&#8220;on|desktop&#8220; global_colors_info=&#8220;{}&#8220; theme_builder_area=&#8220;post_content&#8220;][et_pb_text admin_label=&#8220;Text&#8220; _builder_version=&#8220;4.27.4&#8243; background_size=&#8220;initial&#8220; background_position=&#8220;top_left&#8220; background_repeat=&#8220;repeat&#8220; text_orientation=&#8220;justified&#8220; hover_enabled=&#8220;0&#8243; use_border_color=&#8220;off&#8220; border_color=&#8220;#ffffff&#8220; border_style=&#8220;solid&#8220; locked=&#8220;off&#8220; global_colors_info=&#8220;{}&#8220; theme_builder_area=&#8220;post_content&#8220; sticky_enabled=&#8220;0&#8243;]Stephen Turoff ist Geistlicher, Lehrer, Philosoph, Ritter, Menschenfreund, Mystiker und geistiger Therapeut. Seit 50 Jahren behandelt er Menschen aus allen Erdteilen. Leute kommen aus aller Herren L\u00e4nder um ihn in das Turoff Danbury Zentrum in Chelmsdorf in Essex (eine halbe Stunde Zugfahrt aus London) sowie auch in den Zentren in der Schweiz und in Slowenien zu sehen.<\/p>\n<p>Stephen ist auch ein Lehrer der Meditation und Kriya Yoga. Er hat Tausende von Menschen mit ihrer pers\u00f6nlichen Entwicklung, sowohl in Gro\u00dfbritannien und im Ausland geholfen.<br \/>\nDie Resultate sprechen f\u00fcr sich selbst \u2013 sie sind anschaulicher als gesprochene Worte.[\/et_pb_text][\/et_pb_column][\/et_pb_row][\/et_pb_section][et_pb_section fb_built=&#8220;1&#8243; custom_padding_last_edited=&#8220;on|desktop&#8220; _builder_version=&#8220;4.20.1&#8243; _module_preset=&#8220;default&#8220; background_color=&#8220;#ffffff&#8220; custom_padding=&#8220;70px||70px||true|false&#8220; custom_padding_tablet=&#8220;50px||50px||true|false&#8220; custom_padding_phone=&#8220;45px||45px||true|false&#8220; global_colors_info=&#8220;{}&#8220; theme_builder_area=&#8220;post_content&#8220;][et_pb_row column_structure=&#8220;1_2,1_2&#8243; custom_padding_last_edited=&#8220;on|desktop&#8220; _builder_version=&#8220;4.27.4&#8243; _module_preset=&#8220;default&#8220; width=&#8220;100%&#8220; max_width=&#8220;1100px&#8220; max_width_tablet=&#8220;90%&#8220; max_width_phone=&#8220;90%&#8220; max_width_last_edited=&#8220;on|desktop&#8220; custom_padding=&#8220;15px|15px|15px|15px|true|true&#8220; custom_padding_tablet=&#8220;20px|20px|20px|20px|true|true&#8220; custom_padding_phone=&#8220;18px|18px|18px|18px|true|true&#8220; border_width_all=&#8220;3px&#8220; border_color_all=&#8220;#E9E1C6&#8243; global_colors_info=&#8220;{}&#8220; theme_builder_area=&#8220;post_content&#8220;][et_pb_column type=&#8220;1_2&#8243; _builder_version=&#8220;4.17.4&#8243; _module_preset=&#8220;default&#8220; global_colors_info=&#8220;{}&#8220; theme_builder_area=&#8220;post_content&#8220;][et_pb_cta title=&#8220;Jason Turoff&#8220; button_url=&#8220;#&#8220; _builder_version=&#8220;4.27.4&#8243; _module_preset=&#8220;default&#8220; header_font=&#8220;|700|||||||&#8220; header_text_color=&#8220;#000000&#8243; header_font_size=&#8220;46px&#8220; body_font=&#8220;||||||||&#8220; body_text_color=&#8220;#333333&#8243; body_line_height=&#8220;1.3em&#8220; background_enable_color=&#8220;off&#8220; custom_button=&#8220;on&#8220; button_text_size=&#8220;16px&#8220; button_text_color=&#8220;#ffc300&#8243; button_bg_color=&#8220;RGBA(255,255,255,0)&#8220; button_border_width=&#8220;0px&#8220; button_border_color=&#8220;RGBA(255,255,255,0)&#8220; button_border_radius=&#8220;0px&#8220; button_font=&#8220;Hind||||||||&#8220; button_icon=&#8220;&#xf30b;||fa||900&#8243; button_on_hover=&#8220;off&#8220; button_custom_padding=&#8220;0px|0px|0px|0px|true|true&#8220; button_custom_padding_tablet=&#8220;0px|0px|0px|0px|true|true&#8220; button_custom_padding_phone=&#8220;0px|0px|0px|0px|true|true&#8220; button_custom_padding_last_edited=&#8220;on|desktop&#8220; text_orientation=&#8220;left&#8220; custom_margin=&#8220;0px|0px|0px|0px|true|true&#8220; custom_padding=&#8220;0px|0px|0px|0px|true|true&#8220; header_font_size_tablet=&#8220;46px&#8220; header_font_size_phone=&#8220;34px&#8220; header_font_size_last_edited=&#8220;on|desktop&#8220; body_font_size_tablet=&#8220;22px&#8220; body_font_size_phone=&#8220;18px&#8220; body_font_size_last_edited=&#8220;on|desktop&#8220; body_line_height_tablet=&#8220;1.3em&#8220; body_line_height_phone=&#8220;1.2em&#8220; body_line_height_last_edited=&#8220;on|desktop&#8220; button_text_size_tablet=&#8220;16px&#8220; button_text_size_phone=&#8220;16px&#8220; button_text_size_last_edited=&#8220;on|desktop&#8220; text_orientation_tablet=&#8220;left&#8220; text_orientation_phone=&#8220;left&#8220; text_orientation_last_edited=&#8220;on|desktop&#8220; locked=&#8220;off&#8220; global_colors_info=&#8220;{}&#8220; button_bg_color__hover_enabled=&#8220;off|desktop&#8220; button_bg_enable_color__hover=&#8220;off&#8220; button_text_size__hover_enabled=&#8220;off|hover&#8220; button_text_color__hover_enabled=&#8220;on|hover&#8220; button_text_color__hover=&#8220;#ffffff&#8220; theme_builder_area=&#8220;post_content&#8220;][\/et_pb_cta][et_pb_image src=&#8220;https:\/\/www.stephenturoff.com\/wp-content\/uploads\/2025\/08\/Jason-Turoff.webp&#8220; title_text=&#8220;Jason Turoff&#8220; _builder_version=&#8220;4.27.4&#8243; _module_preset=&#8220;default&#8220; global_colors_info=&#8220;{}&#8220; theme_builder_area=&#8220;post_content&#8220;][\/et_pb_image][\/et_pb_column][et_pb_column type=&#8220;1_2&#8243; _builder_version=&#8220;4.17.4&#8243; _module_preset=&#8220;default&#8220; custom_padding=&#8220;35px|100px|0px|35px|false|false&#8220; custom_padding_tablet=&#8220;0px|||0px|false|false&#8220; custom_padding_phone=&#8220;|0px|||false|false&#8220; custom_padding_last_edited=&#8220;on|desktop&#8220; global_colors_info=&#8220;{}&#8220; theme_builder_area=&#8220;post_content&#8220;][et_pb_text admin_label=&#8220;Text&#8220; _builder_version=&#8220;4.27.4&#8243; background_size=&#8220;initial&#8220; background_position=&#8220;top_left&#8220; background_repeat=&#8220;repeat&#8220; text_orientation=&#8220;justified&#8220; hover_enabled=&#8220;0&#8243; use_border_color=&#8220;off&#8220; border_color=&#8220;#ffffff&#8220; border_style=&#8220;solid&#8220; locked=&#8220;off&#8220; global_colors_info=&#8220;{}&#8220; theme_builder_area=&#8220;post_content&#8220; sticky_enabled=&#8220;0&#8243;]Jason Turoff ist der Sohn von Stephen Turoff. Er arbeitet seit \u00fcber 25 Jahren im Bereich der Spiritualit\u00e4t, sowohl selbstst\u00e4ndig als auch in Zusammenarbeit mit Stephen. Er lernte und entwickelte sich an der Seite seines Vaters, und seine F\u00e4higkeiten wurden ihm auch von seinem Vater weitergegeben. Er arbeitet selbstst\u00e4ndig in der Schweiz, Norwegen und Gro\u00dfbritannien, und Menschen aus Europa und der ganzen Welt kommen zu ihm. Auch in Slowenien kennen ihn bereits viele Menschen, da er Stephen seit fast zehn Jahren begleitet und ihm mit Therapien hilft.<\/p>\n<p>Jason behandelt jeden nach seinem Grundsatz: \u201eImmer helfen, niemals schaden.\u201c Er widmet sich ganz den Menschen, man sp\u00fcrt die W\u00e4rme und Pr\u00e4senz in seinen H\u00e4nden, seine Energie ist fast greifbar. In seinen Therapien bringt er Licht und Liebe, um sich mit unserem gesunden Kern zu verbinden und unser eigenes Licht in die Welt zu bringen. Unsere eigene kreative Lebenskraft erledigt den Rest.[\/et_pb_text][\/et_pb_column][\/et_pb_row][\/et_pb_section][et_pb_section fb_built=&#8220;1&#8243; custom_padding_last_edited=&#8220;on|desktop&#8220; admin_label=&#8220;Section&#8220; _builder_version=&#8220;4.16&#8243; background_color=&#8220;#ffffff&#8220; custom_margin=&#8220;0px|0px|0px|0px&#8220; custom_padding=&#8220;0px|0px|0px|0px&#8220; custom_padding_tablet=&#8220;50px|0|50px|0&#8243; custom_padding_phone=&#8220;&#8220; transparent_background=&#8220;off&#8220; padding_mobile=&#8220;off&#8220; global_colors_info=&#8220;{}&#8220; theme_builder_area=&#8220;post_content&#8220;][et_pb_row use_custom_gutter=&#8220;on&#8220; gutter_width=&#8220;1&#8243; admin_label=&#8220;Row&#8220; module_class=&#8220; et_pb_row_fullwidth&#8220; _builder_version=&#8220;4.16&#8243; background_size=&#8220;initial&#8220; background_position=&#8220;top_left&#8220; background_repeat=&#8220;repeat&#8220; width=&#8220;100%&#8220; width_tablet=&#8220;100%&#8220; width_phone=&#8220;100%&#8220; width_last_edited=&#8220;on|desktop&#8220; max_width=&#8220;100%&#8220; max_width_tablet=&#8220;100%&#8220; max_width_phone=&#8220;100%&#8220; max_width_last_edited=&#8220;on|desktop&#8220; custom_margin=&#8220;0px|0px|0px|0px&#8220; custom_padding=&#8220;0px|0px|0px|0px&#8220; make_fullwidth=&#8220;on&#8220; global_colors_info=&#8220;{}&#8220; theme_builder_area=&#8220;post_content&#8220;][et_pb_column type=&#8220;4_4&#8243; _builder_version=&#8220;4.16&#8243; custom_padding=&#8220;0px|0px|0px|0px&#8220; global_colors_info=&#8220;{}&#8220; custom_padding__hover=&#8220;|||&#8220; theme_builder_area=&#8220;post_content&#8220;][et_pb_text admin_label=&#8220;Text&#8220; _builder_version=&#8220;4.27.4&#8243; header_3_font_size=&#8220;46px&#8220; background_size=&#8220;initial&#8220; background_position=&#8220;top_left&#8220; background_repeat=&#8220;repeat&#8220; text_orientation=&#8220;center&#8220; module_alignment=&#8220;center&#8220; custom_margin=&#8220;||||false|false&#8220; custom_padding=&#8220;||25px||false|false&#8220; hover_enabled=&#8220;0&#8243; header_3_font_size_tablet=&#8220;&#8220; header_3_font_size_phone=&#8220;34px&#8220; header_3_font_size_last_edited=&#8220;on|phone&#8220; use_border_color=&#8220;off&#8220; border_color=&#8220;#ffffff&#8220; border_style=&#8220;solid&#8220; global_colors_info=&#8220;{}&#8220; theme_builder_area=&#8220;post_content&#8220; sticky_enabled=&#8220;0&#8243;]<\/p>\n<h3 style=\"text-align: center;\">Galerie<\/h3>\n<p>[\/et_pb_text][dsm_masonry_gallery gallery_ids=&#8220;235246,3459,235244,235243,235242,3455,3454,3453,3452,235338,3450,3449&#8243; use_lightbox=&#8220;on&#8220; use_zoom_on_hover=&#8220;on&#8220; columns_tablet=&#8220;2&#8243; columns_phone=&#8220;1&#8243; columns_last_edited=&#8220;on|phone&#8220; _builder_version=&#8220;4.27.4&#8243; _module_preset=&#8220;default&#8220; global_colors_info=&#8220;{}&#8220; theme_builder_area=&#8220;post_content&#8220;][\/dsm_masonry_gallery][\/et_pb_column][\/et_pb_row][\/et_pb_section][et_pb_section fb_built=&#8220;1&#8243; _builder_version=&#8220;4.27.0&#8243; _module_preset=&#8220;default&#8220; background_color=&#8220;#f5f6f7&#8243; global_module=&#8220;235595&#8243; saved_tabs=&#8220;all&#8220; global_colors_info=&#8220;{}&#8220;][et_pb_row column_structure=&#8220;1_2,1_2&#8243; _builder_version=&#8220;4.27.0&#8243; _module_preset=&#8220;default&#8220; global_colors_info=&#8220;{}&#8220;][et_pb_column type=&#8220;1_2&#8243; _builder_version=&#8220;4.22.0&#8243; _module_preset=&#8220;default&#8220; global_colors_info=&#8220;{}&#8220;][et_pb_text admin_label=&#8220;Zavod ITAU&#8220; _builder_version=&#8220;4.27.0&#8243; _module_preset=&#8220;default&#8220; header_2_text_color=&#8220;#333333&#8243; locked=&#8220;off&#8220; global_colors_info=&#8220;{}&#8220;]<\/p>\n<h2>Institut ITAU<\/h2>\n<p>[\/et_pb_text][et_pb_image src=&#8220;https:\/\/www.stephenturoff.com\/wp-content\/uploads\/2016\/04\/itau-logo-62-100.png&#8220; title_text=&#8220;itau-logo-62-100&#8243; url=&#8220;@ET-DC@eyJkeW5hbWljIjp0cnVlLCJjb250ZW50IjoiaG9tZV91cmwiLCJzZXR0aW5ncyI6e319@&#8220; _builder_version=&#8220;4.27.0&#8243; _dynamic_attributes=&#8220;url&#8220; _module_preset=&#8220;default&#8220; width=&#8220;70%&#8220; global_colors_info=&#8220;{}&#8220;][\/et_pb_image][et_pb_text _builder_version=&#8220;4.27.0&#8243; _module_preset=&#8220;default&#8220; text_text_color=&#8220;#333333&#8243; text_font_size=&#8220;13px&#8220; link_text_color=&#8220;#1F9BBA&#8220; link_font_size=&#8220;13px&#8220; header_2_text_color=&#8220;#FFFFFF&#8220; locked=&#8220;off&#8220; global_colors_info=&#8220;{}&#8220;]Center za duhovno zdravljenje in razvoj zavedanja<br \/>\nLjubljanska cesta 11<br \/>\n4260 BLED<\/p>\n<p>Steuernummer: 31807593<br \/>\nUnternehmensnummer: 1733028000<br \/>\nTelefon: (04) 578 04 08<br \/>\nTelefon (international): 00386 4 578 04 08<br \/>\nMobil: 00386 41 208 655<br \/>\nE-Mail: info@itau.si[\/et_pb_text][\/et_pb_column][et_pb_column type=&#8220;1_2&#8243; _builder_version=&#8220;4.22.0&#8243; _module_preset=&#8220;default&#8220; global_colors_info=&#8220;{}&#8220;][et_pb_text _builder_version=&#8220;4.27.0&#8243; _module_preset=&#8220;default&#8220; header_2_text_color=&#8220;#333333&#8243; global_colors_info=&#8220;{}&#8220;]<\/p>\n<h2>Wo wir sind<\/h2>\n<p>[\/et_pb_text][et_pb_text _builder_version=&#8220;4.27.0&#8243; _module_preset=&#8220;default&#8220; global_colors_info=&#8220;{}&#8220;]<iframe src=\"https:\/\/www.google.com\/maps\/embed?pb=!1m14!1m8!1m3!1d5506.110380610344!2d14.11351!3d46.368293!3m2!1i1024!2i768!4f13.1!3m3!1m2!1s0x477a96d18d22931b%3A0x48f5f5ca842fcfed!2sZavod%20Itau%2C%20center%20za%20duhovno%20zdravljenje%20in%20razvoj%20Zavedanja!5e0!3m2!1ssl!2sus!4v1724851006501!5m2!1ssl!2sus\" width=\"100%\" height=\"380\" style=\"border:0;\" allowfullscreen=\"\" loading=\"lazy\" referrerpolicy=\"no-referrer-when-downgrade\"><\/iframe>[\/et_pb_text][\/et_pb_column][\/et_pb_row][\/et_pb_section]<\/p>\n","protected":false},"excerpt":{"rendered":"<p>Lehrer, Philosoph, Ritter, Menschenfreund, Mystiker und geistiger TherapeutStephen Turoff ist Geistlicher, Lehrer, Philosoph, Ritter, Menschenfreund, Mystiker und geistiger Therapeut. Seit 50 Jahren behandelt er Menschen aus allen Erdteilen. Leute kommen aus aller Herren L\u00e4nder um ihn in das Turoff Danbury Zentrum in Chelmsdorf in Essex (eine halbe Stunde Zugfahrt aus London) sowie auch in den Zentren in der Schweiz und in Slowenien zu sehen. Stephen ist auch ein Lehrer der Meditation und Kriya Yoga. Er hat Tausende von Menschen mit ihrer pers\u00f6nlichen Entwicklung, sowohl in Gro\u00dfbritannien und im Ausland geholfen. Die Resultate sprechen f\u00fcr sich selbst \u2013 sie sind anschaulicher als gesprochene Worte.Jason Turoff ist der Sohn von Stephen Turoff. Er arbeitet seit \u00fcber 25 Jahren im Bereich der Spiritualit\u00e4t, sowohl selbstst\u00e4ndig als auch in Zusammenarbeit mit Stephen. Er lernte und entwickelte sich an der Seite seines Vaters, und seine F\u00e4higkeiten wurden ihm auch von seinem Vater weitergegeben. Er arbeitet selbstst\u00e4ndig in der Schweiz, Norwegen und Gro\u00dfbritannien, und Menschen aus Europa und der ganzen Welt kommen zu ihm. Auch in Slowenien kennen ihn bereits viele Menschen, da er Stephen seit fast zehn Jahren begleitet und ihm mit Therapien hilft. Jason behandelt jeden nach seinem Grundsatz: \u201eImmer helfen, niemals schaden.\u201c Er [&hellip;]<\/p>\n","protected":false},"author":1,"featured_media":0,"parent":0,"menu_order":0,"comment_status":"closed","ping_status":"closed","template":"","meta":{"_et_pb_use_builder":"on","_et_pb_old_content":"","_et_gb_content_width":"","footnotes":""},"class_list":["post-3766","page","type-page","status-publish","hentry"],"_links":{"self":[{"href":"https:\/\/www.stephenturoff.com\/de\/wp-json\/wp\/v2\/pages\/3766","targetHints":{"allow":["GET"]}}],"collection":[{"href":"https:\/\/www.stephenturoff.com\/de\/wp-json\/wp\/v2\/pages"}],"about":[{"href":"https:\/\/www.stephenturoff.com\/de\/wp-json\/wp\/v2\/types\/page"}],"author":[{"embeddable":true,"href":"https:\/\/www.stephenturoff.com\/de\/wp-json\/wp\/v2\/users\/1"}],"replies":[{"embeddable":true,"href":"https:\/\/www.stephenturoff.com\/de\/wp-json\/wp\/v2\/comments?post=3766"}],"version-history":[{"count":6,"href":"https:\/\/www.stephenturoff.com\/de\/wp-json\/wp\/v2\/pages\/3766\/revisions"}],"predecessor-version":[{"id":235618,"href":"https:\/\/www.stephenturoff.com\/de\/wp-json\/wp\/v2\/pages\/3766\/revisions\/235618"}],"wp:attachment":[{"href":"https:\/\/www.stephenturoff.com\/de\/wp-json\/wp\/v2\/media?parent=3766"}],"curies":[{"name":"wp","href":"https:\/\/api.w.org\/{rel}","templated":true}]}}