{"id":235056,"date":"2022-08-15T13:43:41","date_gmt":"2022-08-15T12:43:41","guid":{"rendered":"https:\/\/www.stephenturoff.com\/seminare\/darshan-blessing\/"},"modified":"2025-08-14T11:02:24","modified_gmt":"2025-08-14T10:02:24","slug":"darshan-blessing","status":"publish","type":"page","link":"https:\/\/www.stephenturoff.com\/de\/seminare\/darshan-blessing\/","title":{"rendered":"DARSHAN BLESSING"},"content":{"rendered":"<p>[et_pb_section fb_built=&#8220;1&#8243; fullwidth=&#8220;on&#8220; admin_label=&#8220;section&#8220; _builder_version=&#8220;4.20.4&#8243; background_color=&#8220;rgba(255,255,255,0.48)&#8220; background_image=&#8220;https:\/\/www.stephenturoff.com\/wp-content\/uploads\/2016\/04\/stephen-turoff-background-1980-1314-obrnjena.jpg&#8220; background_blend=&#8220;overlay&#8220; background_last_edited=&#8220;on|phone&#8220; transparent_background=&#8220;off&#8220; padding_mobile=&#8220;off&#8220; global_colors_info=&#8220;{}&#8220;][et_pb_fullwidth_header title=&#8220;DARSHAN BLESSING&#8220; title_font_color=&#8220;#1f9bba&#8220; subhead_font_color=&#8220;#1f9bba&#8220; _builder_version=&#8220;4.20.4&#8243; title_font=&#8220;|700|||||||&#8220; title_text_color=&#8220;#1f9bba&#8220; title_font_size=&#8220;45px&#8220; subhead_text_color=&#8220;#1f9bba&#8220; subhead_font_size=&#8220;20px&#8220; background_color=&#8220;rgba(255, 255, 255, 0)&#8220; parallax=&#8220;on&#8220; background_layout=&#8220;light&#8220; title_font_size_tablet=&#8220;25px&#8220; title_font_size_phone=&#8220;&#8220; title_font_size_last_edited=&#8220;on|desktop&#8220; global_colors_info=&#8220;{}&#8220; button_one_text_size__hover_enabled=&#8220;off&#8220; button_one_text_size__hover=&#8220;null&#8220; button_two_text_size__hover_enabled=&#8220;off&#8220; button_two_text_size__hover=&#8220;null&#8220; button_one_text_color__hover_enabled=&#8220;off&#8220; button_one_text_color__hover=&#8220;null&#8220; button_two_text_color__hover_enabled=&#8220;off&#8220; button_two_text_color__hover=&#8220;null&#8220; button_one_border_width__hover_enabled=&#8220;off&#8220; button_one_border_width__hover=&#8220;null&#8220; button_two_border_width__hover_enabled=&#8220;off&#8220; button_two_border_width__hover=&#8220;null&#8220; button_one_border_color__hover_enabled=&#8220;off&#8220; button_one_border_color__hover=&#8220;null&#8220; button_two_border_color__hover_enabled=&#8220;off&#8220; button_two_border_color__hover=&#8220;null&#8220; button_one_border_radius__hover_enabled=&#8220;off&#8220; button_one_border_radius__hover=&#8220;null&#8220; button_two_border_radius__hover_enabled=&#8220;off&#8220; button_two_border_radius__hover=&#8220;null&#8220; button_one_letter_spacing__hover_enabled=&#8220;off&#8220; button_one_letter_spacing__hover=&#8220;null&#8220; button_two_letter_spacing__hover_enabled=&#8220;off&#8220; button_two_letter_spacing__hover=&#8220;null&#8220; button_one_bg_color__hover_enabled=&#8220;off&#8220; button_one_bg_color__hover=&#8220;null&#8220; button_two_bg_color__hover_enabled=&#8220;off&#8220; button_two_bg_color__hover=&#8220;null&#8220;][\/et_pb_fullwidth_header][\/et_pb_section][et_pb_section fb_built=&#8220;1&#8243; _builder_version=&#8220;4.16&#8243; global_colors_info=&#8220;{}&#8220;][et_pb_row column_structure=&#8220;1_2,1_2&#8243; _builder_version=&#8220;4.16&#8243; background_size=&#8220;initial&#8220; background_position=&#8220;top_left&#8220; background_repeat=&#8220;repeat&#8220; global_colors_info=&#8220;{}&#8220;][et_pb_column type=&#8220;1_2&#8243; _builder_version=&#8220;4.16&#8243; custom_padding=&#8220;|||&#8220; global_colors_info=&#8220;{}&#8220; custom_padding__hover=&#8220;|||&#8220;][et_pb_image src=&#8220;https:\/\/www.stephenturoff.com\/wp-content\/uploads\/2016\/04\/bozicni-drsan.png&#8220; align_tablet=&#8220;center&#8220; align_phone=&#8220;&#8220; align_last_edited=&#8220;on|desktop&#8220; _builder_version=&#8220;4.16&#8243; animation_style=&#8220;slide&#8220; animation_direction=&#8220;left&#8220; animation_duration=&#8220;500ms&#8220; animation_intensity_slide=&#8220;10%&#8220; custom_css_main_element=&#8220;box-shadow: -2px 4px 9px 0px rgba(0,0,0,0.5) !important;||}&#8220; animation=&#8220;left&#8220; sticky=&#8220;off&#8220; use_border_color=&#8220;off&#8220; border_color=&#8220;#ffffff&#8220; border_style=&#8220;solid&#8220; global_colors_info=&#8220;{}&#8220;][\/et_pb_image][\/et_pb_column][et_pb_column type=&#8220;1_2&#8243; _builder_version=&#8220;4.16&#8243; custom_padding=&#8220;|||&#8220; global_colors_info=&#8220;{}&#8220; custom_padding__hover=&#8220;|||&#8220;][et_pb_image src=&#8220;https:\/\/www.stephenturoff.com\/wp-content\/uploads\/2019\/11\/logo-stephen-turoff-180-100.png&#8220; _builder_version=&#8220;4.16&#8243; global_colors_info=&#8220;{}&#8220;][\/et_pb_image][et_pb_cta title=&#8220;DARSHAN BLESSING&#8220; button_url=&#8220;mailto:info@itau.si&#8220; button_text=&#8220;ANMELDESCHEIN&#8220; _builder_version=&#8220;4.20.4&#8243; link_option_url=&#8220;mailto:info@itau.si&#8220; border_radii=&#8220;on|7px|7px|7px|7px&#8220; box_shadow_style=&#8220;preset2&#8243; global_colors_info=&#8220;{}&#8220;][\/et_pb_cta][et_pb_text _builder_version=&#8220;4.18.0&#8243; background_size=&#8220;initial&#8220; background_position=&#8220;top_left&#8220; background_repeat=&#8220;repeat&#8220; text_orientation=&#8220;justified&#8220; z_index_tablet=&#8220;500&#8243; text_text_shadow_horizontal_length_tablet=&#8220;0px&#8220; text_text_shadow_vertical_length_tablet=&#8220;0px&#8220; text_text_shadow_blur_strength_tablet=&#8220;1px&#8220; link_text_shadow_horizontal_length_tablet=&#8220;0px&#8220; link_text_shadow_vertical_length_tablet=&#8220;0px&#8220; link_text_shadow_blur_strength_tablet=&#8220;1px&#8220; ul_text_shadow_horizontal_length_tablet=&#8220;0px&#8220; ul_text_shadow_vertical_length_tablet=&#8220;0px&#8220; ul_text_shadow_blur_strength_tablet=&#8220;1px&#8220; ol_text_shadow_horizontal_length_tablet=&#8220;0px&#8220; ol_text_shadow_vertical_length_tablet=&#8220;0px&#8220; ol_text_shadow_blur_strength_tablet=&#8220;1px&#8220; quote_text_shadow_horizontal_length_tablet=&#8220;0px&#8220; quote_text_shadow_vertical_length_tablet=&#8220;0px&#8220; quote_text_shadow_blur_strength_tablet=&#8220;1px&#8220; header_text_shadow_horizontal_length_tablet=&#8220;0px&#8220; header_text_shadow_vertical_length_tablet=&#8220;0px&#8220; header_text_shadow_blur_strength_tablet=&#8220;1px&#8220; header_2_text_shadow_horizontal_length_tablet=&#8220;0px&#8220; header_2_text_shadow_vertical_length_tablet=&#8220;0px&#8220; header_2_text_shadow_blur_strength_tablet=&#8220;1px&#8220; header_3_text_shadow_horizontal_length_tablet=&#8220;0px&#8220; header_3_text_shadow_vertical_length_tablet=&#8220;0px&#8220; header_3_text_shadow_blur_strength_tablet=&#8220;1px&#8220; header_4_text_shadow_horizontal_length_tablet=&#8220;0px&#8220; header_4_text_shadow_vertical_length_tablet=&#8220;0px&#8220; header_4_text_shadow_blur_strength_tablet=&#8220;1px&#8220; header_5_text_shadow_horizontal_length_tablet=&#8220;0px&#8220; header_5_text_shadow_vertical_length_tablet=&#8220;0px&#8220; header_5_text_shadow_blur_strength_tablet=&#8220;1px&#8220; header_6_text_shadow_horizontal_length_tablet=&#8220;0px&#8220; header_6_text_shadow_vertical_length_tablet=&#8220;0px&#8220; header_6_text_shadow_blur_strength_tablet=&#8220;1px&#8220; box_shadow_horizontal_tablet=&#8220;0px&#8220; box_shadow_vertical_tablet=&#8220;0px&#8220; box_shadow_blur_tablet=&#8220;40px&#8220; box_shadow_spread_tablet=&#8220;0px&#8220; use_border_color=&#8220;off&#8220; global_colors_info=&#8220;{}&#8220;]<\/p>\n<p style=\"font-weight: 400;\"><strong><span>DARSHAN<\/span><\/strong><span> ist der Segen des Meisters, der diese g\u00f6ttliche Energie seinem Sch\u00fcler mit Shaktipat \u00fcbertr\u00e4gt. Es ist der Akt des Bewusstseins, der durch die Interaktion zwichen dem Meister und dem Sch\u00fcler passiert. Das Ziel dieses Geschehens ist, das Beweusstsein einer Person zu erh\u00f6hen. Die \u00dcbertragung von Hochfrequenzwellen kann durch Wort, Mantra, Blick oder Ber\u00fchrung passieren. <strong>DARSHAN bedeutet der g\u00f6ttliche Blick.<\/strong> In seiner Hingabe \u00f6ffnet sich Stephen, uns in diesen g\u00f6ttlichen Strom mitzunehmen. In uns k\u00f6nnen sich so tief sitzende Blokaden l\u00f6sen, reine Heilung geschieht. Die Energie Stephen teilt mit uns in Darshan, ist anders als die, die er f\u00fcr die spirituelle Heilung verwendet.<\/span><\/p>\n<p style=\"font-weight: 400;\"><span>Darshan geschieht in der Stille.<\/span><\/p>\n<p style=\"font-weight: 400;\"><strong><span>PREISE:<\/span><\/strong><span> Erwachsene 40 \u20ac, Kinder 7-17 Jahre 20 \u20ac<\/span><\/p>\n<p>[\/et_pb_text][\/et_pb_column][\/et_pb_row][\/et_pb_section][et_pb_section fb_built=&#8220;1&#8243; _builder_version=&#8220;4.27.0&#8243; _module_preset=&#8220;default&#8220; background_color=&#8220;#f5f6f7&#8243; global_module=&#8220;235595&#8243; saved_tabs=&#8220;all&#8220; global_colors_info=&#8220;{}&#8220;][et_pb_row column_structure=&#8220;1_2,1_2&#8243; _builder_version=&#8220;4.27.0&#8243; _module_preset=&#8220;default&#8220; global_colors_info=&#8220;{}&#8220;][et_pb_column type=&#8220;1_2&#8243; _builder_version=&#8220;4.22.0&#8243; _module_preset=&#8220;default&#8220; global_colors_info=&#8220;{}&#8220;][et_pb_text admin_label=&#8220;Zavod ITAU&#8220; _builder_version=&#8220;4.27.0&#8243; _module_preset=&#8220;default&#8220; header_2_text_color=&#8220;#333333&#8243; locked=&#8220;off&#8220; global_colors_info=&#8220;{}&#8220;]<\/p>\n<h2>Institut ITAU<\/h2>\n<p>[\/et_pb_text][et_pb_image src=&#8220;https:\/\/www.stephenturoff.com\/wp-content\/uploads\/2016\/04\/itau-logo-62-100.png&#8220; title_text=&#8220;itau-logo-62-100&#8243; url=&#8220;@ET-DC@eyJkeW5hbWljIjp0cnVlLCJjb250ZW50IjoiaG9tZV91cmwiLCJzZXR0aW5ncyI6e319@&#8220; _builder_version=&#8220;4.27.0&#8243; _dynamic_attributes=&#8220;url&#8220; _module_preset=&#8220;default&#8220; width=&#8220;70%&#8220; global_colors_info=&#8220;{}&#8220;][\/et_pb_image][et_pb_text _builder_version=&#8220;4.27.0&#8243; _module_preset=&#8220;default&#8220; text_text_color=&#8220;#333333&#8243; text_font_size=&#8220;13px&#8220; link_text_color=&#8220;#1F9BBA&#8220; link_font_size=&#8220;13px&#8220; header_2_text_color=&#8220;#FFFFFF&#8220; locked=&#8220;off&#8220; global_colors_info=&#8220;{}&#8220;]Center za duhovno zdravljenje in razvoj zavedanja<br \/>\nLjubljanska cesta 11<br \/>\n4260 BLED<\/p>\n<p>Steuernummer: 31807593<br \/>\nUnternehmensnummer: 1733028000<br \/>\nTelefon: (04) 578 04 08<br \/>\nTelefon (international): 00386 4 578 04 08<br \/>\nMobil: 00386 41 208 655<br \/>\nE-Mail: info@itau.si[\/et_pb_text][\/et_pb_column][et_pb_column type=&#8220;1_2&#8243; _builder_version=&#8220;4.22.0&#8243; _module_preset=&#8220;default&#8220; global_colors_info=&#8220;{}&#8220;][et_pb_text _builder_version=&#8220;4.27.0&#8243; _module_preset=&#8220;default&#8220; header_2_text_color=&#8220;#333333&#8243; global_colors_info=&#8220;{}&#8220;]<\/p>\n<h2>Wo wir sind<\/h2>\n<p>[\/et_pb_text][et_pb_text _builder_version=&#8220;4.27.0&#8243; _module_preset=&#8220;default&#8220; global_colors_info=&#8220;{}&#8220;]<iframe src=\"https:\/\/www.google.com\/maps\/embed?pb=!1m14!1m8!1m3!1d5506.110380610344!2d14.11351!3d46.368293!3m2!1i1024!2i768!4f13.1!3m3!1m2!1s0x477a96d18d22931b%3A0x48f5f5ca842fcfed!2sZavod%20Itau%2C%20center%20za%20duhovno%20zdravljenje%20in%20razvoj%20Zavedanja!5e0!3m2!1ssl!2sus!4v1724851006501!5m2!1ssl!2sus\" width=\"100%\" height=\"380\" style=\"border:0;\" allowfullscreen=\"\" loading=\"lazy\" referrerpolicy=\"no-referrer-when-downgrade\"><\/iframe>[\/et_pb_text][\/et_pb_column][\/et_pb_row][\/et_pb_section]<\/p>\n","protected":false},"excerpt":{"rendered":"<p>DARSHAN ist der Segen des Meisters, der diese g\u00f6ttliche Energie seinem Sch\u00fcler mit Shaktipat \u00fcbertr\u00e4gt. Es ist der Akt des Bewusstseins, der durch die Interaktion zwichen dem Meister und dem Sch\u00fcler passiert. Das Ziel dieses Geschehens ist, das Beweusstsein einer Person zu erh\u00f6hen. Die \u00dcbertragung von Hochfrequenzwellen kann durch Wort, Mantra, Blick oder Ber\u00fchrung passieren. DARSHAN bedeutet der g\u00f6ttliche Blick. In seiner Hingabe \u00f6ffnet sich Stephen, uns in diesen g\u00f6ttlichen Strom mitzunehmen. In uns k\u00f6nnen sich so tief sitzende Blokaden l\u00f6sen, reine Heilung geschieht. Die Energie Stephen teilt mit uns in Darshan, ist anders als die, die er f\u00fcr die spirituelle Heilung verwendet. Darshan geschieht in der Stille. PREISE: Erwachsene 40 \u20ac, Kinder 7-17 Jahre 20 \u20acInstitut ITAUCenter za duhovno zdravljenje in razvoj zavedanja Ljubljanska cesta 11 4260 BLED Steuernummer: 31807593 Unternehmensnummer: 1733028000 Telefon: (04) 578 04 08 Telefon (international): 00386 4 578 04 08 Mobil: 00386 41 208 655 E-Mail: info@itau.siWo wir sind<\/p>\n","protected":false},"author":1,"featured_media":0,"parent":3779,"menu_order":0,"comment_status":"closed","ping_status":"closed","template":"","meta":{"_et_pb_use_builder":"on","_et_pb_old_content":"","_et_gb_content_width":"","footnotes":""},"class_list":["post-235056","page","type-page","status-publish","hentry"],"_links":{"self":[{"href":"https:\/\/www.stephenturoff.com\/de\/wp-json\/wp\/v2\/pages\/235056","targetHints":{"allow":["GET"]}}],"collection":[{"href":"https:\/\/www.stephenturoff.com\/de\/wp-json\/wp\/v2\/pages"}],"about":[{"href":"https:\/\/www.stephenturoff.com\/de\/wp-json\/wp\/v2\/types\/page"}],"author":[{"embeddable":true,"href":"https:\/\/www.stephenturoff.com\/de\/wp-json\/wp\/v2\/users\/1"}],"replies":[{"embeddable":true,"href":"https:\/\/www.stephenturoff.com\/de\/wp-json\/wp\/v2\/comments?post=235056"}],"version-history":[{"count":9,"href":"https:\/\/www.stephenturoff.com\/de\/wp-json\/wp\/v2\/pages\/235056\/revisions"}],"predecessor-version":[{"id":235610,"href":"https:\/\/www.stephenturoff.com\/de\/wp-json\/wp\/v2\/pages\/235056\/revisions\/235610"}],"up":[{"embeddable":true,"href":"https:\/\/www.stephenturoff.com\/de\/wp-json\/wp\/v2\/pages\/3779"}],"wp:attachment":[{"href":"https:\/\/www.stephenturoff.com\/de\/wp-json\/wp\/v2\/media?parent=235056"}],"curies":[{"name":"wp","href":"https:\/\/api.w.org\/{rel}","templated":true}]}}